{"id":7,"date":"2018-11-02T20:38:17","date_gmt":"2018-11-02T20:38:17","guid":{"rendered":"http:\/\/metalurgica2000.com.ar\/wordpress\/?page_id=7"},"modified":"2018-11-05T20:09:03","modified_gmt":"2018-11-05T20:09:03","slug":"hebillas-y-herrajes","status":"publish","type":"page","link":"https:\/\/metalurgica2000.com.ar\/index.php\/hebillas-y-herrajes\/","title":{"rendered":"Hebillas y Herrajes"},"content":{"rendered":"\t\t<div data-elementor-type=\"wp-post\" data-elementor-id=\"7\" class=\"elementor elementor-7 elementor-bc-flex-widget\">\n\t\t\t\t\t\t<section class=\"elementor-section elementor-top-section elementor-element elementor-element-1b74ba14 elementor-section-content-middle elementor-section-boxed elementor-section-height-default elementor-section-height-default\" data-id=\"1b74ba14\" data-element_type=\"section\" data-e-type=\"section\">\n\t\t\t\t\t\t<div class=\"elementor-container elementor-column-gap-no\">\n\t\t\t\t\t<div class=\"elementor-column elementor-col-50 elementor-top-column elementor-element elementor-element-49ef5838\" data-id=\"49ef5838\" data-element_type=\"column\" data-e-type=\"column\">\n\t\t\t<div class=\"elementor-widget-wrap elementor-element-populated\">\n\t\t\t\t\t\t<div class=\"elementor-element elementor-element-eda3e1 elementor-widget elementor-widget-image\" data-id=\"eda3e1\" data-element_type=\"widget\" data-e-type=\"widget\" data-widget_type=\"image.default\">\n\t\t\t\t<div class=\"elementor-widget-container\">\n\t\t\t\t\t\t\t\t\t\t\t\t\t\t\t<img fetchpriority=\"high\" decoding=\"async\" width=\"447\" height=\"700\" src=\"https:\/\/metalurgica2000.com.ar\/wp-content\/uploads\/2018\/11\/herrajes.jpg\" class=\"attachment-full size-full wp-image-169\" alt=\"Herrajes para marroquiner\u00eda\" srcset=\"https:\/\/metalurgica2000.com.ar\/wp-content\/uploads\/2018\/11\/herrajes.jpg 447w, https:\/\/metalurgica2000.com.ar\/wp-content\/uploads\/2018\/11\/herrajes-192x300.jpg 192w\" sizes=\"(max-width: 447px) 100vw, 447px\" \/>\t\t\t\t\t\t\t\t\t\t\t\t\t\t\t<\/div>\n\t\t\t\t<\/div>\n\t\t\t\t\t<\/div>\n\t\t<\/div>\n\t\t\t\t<div class=\"elementor-column elementor-col-50 elementor-top-column elementor-element elementor-element-6dfe3540\" data-id=\"6dfe3540\" data-element_type=\"column\" data-e-type=\"column\">\n\t\t\t<div class=\"elementor-widget-wrap elementor-element-populated\">\n\t\t\t\t\t\t<div class=\"elementor-element elementor-element-b04627d elementor-widget elementor-widget-text-editor\" data-id=\"b04627d\" data-element_type=\"widget\" data-e-type=\"widget\" data-widget_type=\"text-editor.default\">\n\t\t\t\t<div class=\"elementor-widget-container\">\n\t\t\t\t\t\t\t\t\t<p>zamak para marroquineria<\/p>\t\t\t\t\t\t\t\t<\/div>\n\t\t\t\t<\/div>\n\t\t\t\t<div class=\"elementor-element elementor-element-4463ca15 elementor-widget elementor-widget-heading\" data-id=\"4463ca15\" data-element_type=\"widget\" data-e-type=\"widget\" data-widget_type=\"heading.default\">\n\t\t\t\t<div class=\"elementor-widget-container\">\n\t\t\t\t\t<h3 class=\"elementor-heading-title elementor-size-default\">Variedad de acabados<\/h3>\t\t\t\t<\/div>\n\t\t\t\t<\/div>\n\t\t\t\t<div class=\"elementor-element elementor-element-4124e05 elementor-position-inline-start elementor-view-default elementor-mobile-position-block-start elementor-widget elementor-widget-icon-box\" data-id=\"4124e05\" data-element_type=\"widget\" data-e-type=\"widget\" data-widget_type=\"icon-box.default\">\n\t\t\t\t<div class=\"elementor-widget-container\">\n\t\t\t\t\t\t\t<div class=\"elementor-icon-box-wrapper\">\n\n\t\t\t\t\t\t<div class=\"elementor-icon-box-icon\">\n\t\t\t\t<span  class=\"elementor-icon\">\n\t\t\t\t<i class=\"fa fa-pencil\" aria-hidden=\"true\"><\/i>\t\t\t\t<\/span>\n\t\t\t<\/div>\n\t\t\t\n\t\t\t\t\t\t<div class=\"elementor-icon-box-content\">\n\n\t\t\t\t\t\t\t\t\t<h3 class=\"elementor-icon-box-title\">\n\t\t\t\t\t\t<span  >\n\t\t\t\t\t\t\tCromado\t\t\t\t\t\t<\/span>\n\t\t\t\t\t<\/h3>\n\t\t\t\t\n\t\t\t\t\t\t\t\t\t<p class=\"elementor-icon-box-description\">\n\t\t\t\t\t\tAcabados de cromado se producen por m\u00e9todos simples de inmersi\u00f3n que depositan un recubrimiento de cromado delgada.\t\t\t\t\t<\/p>\n\t\t\t\t\n\t\t\t<\/div>\n\t\t\t\n\t\t<\/div>\n\t\t\t\t\t\t<\/div>\n\t\t\t\t<\/div>\n\t\t\t\t<div class=\"elementor-element elementor-element-6579608e elementor-position-inline-start elementor-view-default elementor-mobile-position-block-start elementor-widget elementor-widget-icon-box\" data-id=\"6579608e\" data-element_type=\"widget\" data-e-type=\"widget\" data-widget_type=\"icon-box.default\">\n\t\t\t\t<div class=\"elementor-widget-container\">\n\t\t\t\t\t\t\t<div class=\"elementor-icon-box-wrapper\">\n\n\t\t\t\t\t\t<div class=\"elementor-icon-box-icon\">\n\t\t\t\t<span  class=\"elementor-icon\">\n\t\t\t\t<i class=\"fa fa-bullseye\" aria-hidden=\"true\"><\/i>\t\t\t\t<\/span>\n\t\t\t<\/div>\n\t\t\t\n\t\t\t\t\t\t<div class=\"elementor-icon-box-content\">\n\n\t\t\t\t\t\t\t\t\t<h3 class=\"elementor-icon-box-title\">\n\t\t\t\t\t\t<span  >\n\t\t\t\t\t\t\tANODIZADO\t\t\t\t\t\t<\/span>\n\t\t\t\t\t<\/h3>\n\t\t\t\t\n\t\t\t\t\t\t\t\t\t<p class=\"elementor-icon-box-description\">\n\t\t\t\t\t\t<span style=\", FreeSans, sans-serif;font-size: 12px\">&nbsp;Anodizaci\u00f3n El&nbsp;<\/span><strong style=\", FreeSans, sans-serif;font-size: 12px\">zinc<\/strong><span style=\", FreeSans, sans-serif;font-size: 12px\">&nbsp;es un recubrimiento funcional que proporciona la m\u00e1xima resistencia a la corrosi\u00f3n en ambientes atmosf\u00e9ricos y marinos.<\/span>.\t\t\t\t\t<\/p>\n\t\t\t\t\n\t\t\t<\/div>\n\t\t\t\n\t\t<\/div>\n\t\t\t\t\t\t<\/div>\n\t\t\t\t<\/div>\n\t\t\t\t<div class=\"elementor-element elementor-element-58697597 elementor-position-inline-start elementor-view-default elementor-mobile-position-block-start elementor-widget elementor-widget-icon-box\" data-id=\"58697597\" data-element_type=\"widget\" data-e-type=\"widget\" data-widget_type=\"icon-box.default\">\n\t\t\t\t<div class=\"elementor-widget-container\">\n\t\t\t\t\t\t\t<div class=\"elementor-icon-box-wrapper\">\n\n\t\t\t\t\t\t<div class=\"elementor-icon-box-icon\">\n\t\t\t\t<span  class=\"elementor-icon\">\n\t\t\t\t<i class=\"fa fa-codepen\" aria-hidden=\"true\"><\/i>\t\t\t\t<\/span>\n\t\t\t<\/div>\n\t\t\t\n\t\t\t\t\t\t<div class=\"elementor-icon-box-content\">\n\n\t\t\t\t\t\t\t\t\t<h3 class=\"elementor-icon-box-title\">\n\t\t\t\t\t\t<span  >\n\t\t\t\t\t\t\tpintado\t\t\t\t\t\t<\/span>\n\t\t\t\t\t<\/h3>\n\t\t\t\t\n\t\t\t\t\t\t\t\t\t<p class=\"elementor-icon-box-description\">\n\t\t\t\t\t\t<span style=\", FreeSans, sans-serif;font-size: 12px\">Todas las&nbsp;<\/span><strong style=\", FreeSans, sans-serif;font-size: 12px\">aleaciones de zinc<\/strong><span style=\", FreeSans, sans-serif;font-size: 12px\">&nbsp;constituyen una base excelente para las pinturas a soplete o&nbsp; electroest\u00e1ticamente.<\/span>\t\t\t\t\t<\/p>\n\t\t\t\t\n\t\t\t<\/div>\n\t\t\t\n\t\t<\/div>\n\t\t\t\t\t\t<\/div>\n\t\t\t\t<\/div>\n\t\t\t\t<div class=\"elementor-element elementor-element-94e1bd2 elementor-position-inline-start elementor-view-default elementor-mobile-position-block-start elementor-widget elementor-widget-icon-box\" data-id=\"94e1bd2\" data-element_type=\"widget\" data-e-type=\"widget\" data-widget_type=\"icon-box.default\">\n\t\t\t\t<div class=\"elementor-widget-container\">\n\t\t\t\t\t\t\t<div class=\"elementor-icon-box-wrapper\">\n\n\t\t\t\t\t\t<div class=\"elementor-icon-box-icon\">\n\t\t\t\t<span  class=\"elementor-icon\">\n\t\t\t\t<i class=\"fa fa-codepen\" aria-hidden=\"true\"><\/i>\t\t\t\t<\/span>\n\t\t\t<\/div>\n\t\t\t\n\t\t\t\t\t\t<div class=\"elementor-icon-box-content\">\n\n\t\t\t\t\t\t\t\t\t<h3 class=\"elementor-icon-box-title\">\n\t\t\t\t\t\t<span  >\n\t\t\t\t\t\t\tPulido y cepillado\t\t\t\t\t\t<\/span>\n\t\t\t\t\t<\/h3>\n\t\t\t\t\n\t\t\t\t\t\t\t\t\t<p class=\"elementor-icon-box-description\">\n\t\t\t\t\t\t<br><p style=\"margin-top: 0px;margin-bottom: 10px;font-size: 12px;line-height: 20px;, FreeSans, sans-serif\">Alto brillo pulido convencional o t\u00e9cnicas de acabado de cepillo pueden producir una apariencia similar a la de cromado o acero inoxidable. Cuando lacado, estos acabados son adecuados para aplicaciones interiores decorativas.<span style=\"font-family: Roboto, sans-serif;font-size: 15px\"><\/span><\/p>\t\t\t\t\t<\/p>\n\t\t\t\t\n\t\t\t<\/div>\n\t\t\t\n\t\t<\/div>\n\t\t\t\t\t\t<\/div>\n\t\t\t\t<\/div>\n\t\t\t\t\t<\/div>\n\t\t<\/div>\n\t\t\t\t\t<\/div>\n\t\t<\/section>\n\t\t\t\t<\/div>\n\t\t","protected":false},"excerpt":{"rendered":"<p>zamak para marroquineria Variedad de acabados Cromado Acabados de cromado se producen por m\u00e9todos simples de inmersi\u00f3n que depositan un recubrimiento de cromado delgada. ANODIZADO &nbsp;Anodizaci\u00f3n El&nbsp;zinc&nbsp;es un recubrimiento funcional que proporciona la m\u00e1xima resistencia a la corrosi\u00f3n en ambientes atmosf\u00e9ricos y marinos.. pintado Todas las&nbsp;aleaciones de zinc&nbsp;constituyen una base excelente para las pinturas a<\/p><\/div>\n<div class=\"blog-btn\"><a href=\"https:\/\/metalurgica2000.com.ar\/index.php\/hebillas-y-herrajes\/\" class=\"home-blog-btn\">Read More<\/a><\/p>\n","protected":false},"author":1,"featured_media":0,"parent":0,"menu_order":0,"comment_status":"closed","ping_status":"closed","template":"","meta":{"footnotes":""},"class_list":["post-7","page","type-page","status-publish","hentry"],"yoast_head":"<!-- This site is optimized with the Yoast SEO plugin v27.5 - https:\/\/yoast.com\/product\/yoast-seo-wordpress\/ -->\n<title>Hebillas y Herrajes - Metal\u00fargica 2000<\/title>\n<meta name=\"robots\" content=\"index, follow, max-snippet:-1, max-image-preview:large, max-video-preview:-1\" \/>\n<link rel=\"canonical\" href=\"http:\/\/metalurgica2000.com.ar\/index.php\/hebillas-y-herrajes\/\" \/>\n<meta property=\"og:locale\" content=\"es_ES\" \/>\n<meta property=\"og:type\" content=\"article\" \/>\n<meta property=\"og:title\" content=\"Hebillas y Herrajes - Metal\u00fargica 2000\" \/>\n<meta property=\"og:description\" content=\"zamak para marroquineria Variedad de acabados Cromado Acabados de cromado se producen por m\u00e9todos simples de inmersi\u00f3n que depositan un recubrimiento de cromado delgada. ANODIZADO &nbsp;Anodizaci\u00f3n El&nbsp;zinc&nbsp;es un recubrimiento funcional que proporciona la m\u00e1xima resistencia a la corrosi\u00f3n en ambientes atmosf\u00e9ricos y marinos.. pintado Todas las&nbsp;aleaciones de zinc&nbsp;constituyen una base excelente para las pinturas aRead More\" \/>\n<meta property=\"og:url\" content=\"http:\/\/metalurgica2000.com.ar\/index.php\/hebillas-y-herrajes\/\" \/>\n<meta property=\"og:site_name\" content=\"Metal\u00fargica 2000\" \/>\n<meta property=\"article:modified_time\" content=\"2018-11-05T20:09:03+00:00\" \/>\n<meta property=\"og:image\" content=\"http:\/\/metalurgica2000.com.ar\/wordpress\/wp-content\/uploads\/2018\/11\/herrajes.jpg\" \/>\n<meta name=\"twitter:card\" content=\"summary_large_image\" \/>\n<meta name=\"twitter:label1\" content=\"Tiempo de lectura\" \/>\n\t<meta name=\"twitter:data1\" content=\"1 minuto\" \/>\n<script type=\"application\/ld+json\" class=\"yoast-schema-graph\">{\"@context\":\"https:\\\/\\\/schema.org\",\"@graph\":[{\"@type\":\"WebPage\",\"@id\":\"http:\\\/\\\/metalurgica2000.com.ar\\\/index.php\\\/hebillas-y-herrajes\\\/\",\"url\":\"http:\\\/\\\/metalurgica2000.com.ar\\\/index.php\\\/hebillas-y-herrajes\\\/\",\"name\":\"Hebillas y Herrajes - Metal\u00fargica 2000\",\"isPartOf\":{\"@id\":\"http:\\\/\\\/metalurgica2000.com.ar\\\/#website\"},\"primaryImageOfPage\":{\"@id\":\"http:\\\/\\\/metalurgica2000.com.ar\\\/index.php\\\/hebillas-y-herrajes\\\/#primaryimage\"},\"image\":{\"@id\":\"http:\\\/\\\/metalurgica2000.com.ar\\\/index.php\\\/hebillas-y-herrajes\\\/#primaryimage\"},\"thumbnailUrl\":\"http:\\\/\\\/metalurgica2000.com.ar\\\/wordpress\\\/wp-content\\\/uploads\\\/2018\\\/11\\\/herrajes.jpg\",\"datePublished\":\"2018-11-02T20:38:17+00:00\",\"dateModified\":\"2018-11-05T20:09:03+00:00\",\"breadcrumb\":{\"@id\":\"http:\\\/\\\/metalurgica2000.com.ar\\\/index.php\\\/hebillas-y-herrajes\\\/#breadcrumb\"},\"inLanguage\":\"es-AR\",\"potentialAction\":[{\"@type\":\"ReadAction\",\"target\":[\"http:\\\/\\\/metalurgica2000.com.ar\\\/index.php\\\/hebillas-y-herrajes\\\/\"]}]},{\"@type\":\"ImageObject\",\"inLanguage\":\"es-AR\",\"@id\":\"http:\\\/\\\/metalurgica2000.com.ar\\\/index.php\\\/hebillas-y-herrajes\\\/#primaryimage\",\"url\":\"http:\\\/\\\/metalurgica2000.com.ar\\\/wordpress\\\/wp-content\\\/uploads\\\/2018\\\/11\\\/herrajes.jpg\",\"contentUrl\":\"http:\\\/\\\/metalurgica2000.com.ar\\\/wordpress\\\/wp-content\\\/uploads\\\/2018\\\/11\\\/herrajes.jpg\"},{\"@type\":\"BreadcrumbList\",\"@id\":\"http:\\\/\\\/metalurgica2000.com.ar\\\/index.php\\\/hebillas-y-herrajes\\\/#breadcrumb\",\"itemListElement\":[{\"@type\":\"ListItem\",\"position\":1,\"name\":\"Inicio\",\"item\":\"http:\\\/\\\/metalurgica2000.com.ar\\\/\"},{\"@type\":\"ListItem\",\"position\":2,\"name\":\"Hebillas y Herrajes\"}]},{\"@type\":\"WebSite\",\"@id\":\"http:\\\/\\\/metalurgica2000.com.ar\\\/#website\",\"url\":\"http:\\\/\\\/metalurgica2000.com.ar\\\/\",\"name\":\"Metal\u00fargica 2000\",\"description\":\"Industria de la fundici\u00f3n de Zamak\",\"publisher\":{\"@id\":\"http:\\\/\\\/metalurgica2000.com.ar\\\/#organization\"},\"potentialAction\":[{\"@type\":\"SearchAction\",\"target\":{\"@type\":\"EntryPoint\",\"urlTemplate\":\"http:\\\/\\\/metalurgica2000.com.ar\\\/?s={search_term_string}\"},\"query-input\":{\"@type\":\"PropertyValueSpecification\",\"valueRequired\":true,\"valueName\":\"search_term_string\"}}],\"inLanguage\":\"es-AR\"},{\"@type\":\"Organization\",\"@id\":\"http:\\\/\\\/metalurgica2000.com.ar\\\/#organization\",\"name\":\"Metal\u00fargica 2000\",\"url\":\"http:\\\/\\\/metalurgica2000.com.ar\\\/\",\"logo\":{\"@type\":\"ImageObject\",\"inLanguage\":\"es-AR\",\"@id\":\"http:\\\/\\\/metalurgica2000.com.ar\\\/#\\\/schema\\\/logo\\\/image\\\/\",\"url\":\"https:\\\/\\\/metalurgica2000.com.ar\\\/wp-content\\\/uploads\\\/2018\\\/11\\\/cropped-logo-1.png\",\"contentUrl\":\"https:\\\/\\\/metalurgica2000.com.ar\\\/wp-content\\\/uploads\\\/2018\\\/11\\\/cropped-logo-1.png\",\"width\":210,\"height\":107,\"caption\":\"Metal\u00fargica 2000\"},\"image\":{\"@id\":\"http:\\\/\\\/metalurgica2000.com.ar\\\/#\\\/schema\\\/logo\\\/image\\\/\"}}]}<\/script>\n<!-- \/ Yoast SEO plugin. -->","yoast_head_json":{"title":"Hebillas y Herrajes - Metal\u00fargica 2000","robots":{"index":"index","follow":"follow","max-snippet":"max-snippet:-1","max-image-preview":"max-image-preview:large","max-video-preview":"max-video-preview:-1"},"canonical":"http:\/\/metalurgica2000.com.ar\/index.php\/hebillas-y-herrajes\/","og_locale":"es_ES","og_type":"article","og_title":"Hebillas y Herrajes - Metal\u00fargica 2000","og_description":"zamak para marroquineria Variedad de acabados Cromado Acabados de cromado se producen por m\u00e9todos simples de inmersi\u00f3n que depositan un recubrimiento de cromado delgada. ANODIZADO &nbsp;Anodizaci\u00f3n El&nbsp;zinc&nbsp;es un recubrimiento funcional que proporciona la m\u00e1xima resistencia a la corrosi\u00f3n en ambientes atmosf\u00e9ricos y marinos.. pintado Todas las&nbsp;aleaciones de zinc&nbsp;constituyen una base excelente para las pinturas aRead More","og_url":"http:\/\/metalurgica2000.com.ar\/index.php\/hebillas-y-herrajes\/","og_site_name":"Metal\u00fargica 2000","article_modified_time":"2018-11-05T20:09:03+00:00","og_image":[{"url":"http:\/\/metalurgica2000.com.ar\/wordpress\/wp-content\/uploads\/2018\/11\/herrajes.jpg","type":"","width":"","height":""}],"twitter_card":"summary_large_image","twitter_misc":{"Tiempo de lectura":"1 minuto"},"schema":{"@context":"https:\/\/schema.org","@graph":[{"@type":"WebPage","@id":"http:\/\/metalurgica2000.com.ar\/index.php\/hebillas-y-herrajes\/","url":"http:\/\/metalurgica2000.com.ar\/index.php\/hebillas-y-herrajes\/","name":"Hebillas y Herrajes - Metal\u00fargica 2000","isPartOf":{"@id":"http:\/\/metalurgica2000.com.ar\/#website"},"primaryImageOfPage":{"@id":"http:\/\/metalurgica2000.com.ar\/index.php\/hebillas-y-herrajes\/#primaryimage"},"image":{"@id":"http:\/\/metalurgica2000.com.ar\/index.php\/hebillas-y-herrajes\/#primaryimage"},"thumbnailUrl":"http:\/\/metalurgica2000.com.ar\/wordpress\/wp-content\/uploads\/2018\/11\/herrajes.jpg","datePublished":"2018-11-02T20:38:17+00:00","dateModified":"2018-11-05T20:09:03+00:00","breadcrumb":{"@id":"http:\/\/metalurgica2000.com.ar\/index.php\/hebillas-y-herrajes\/#breadcrumb"},"inLanguage":"es-AR","potentialAction":[{"@type":"ReadAction","target":["http:\/\/metalurgica2000.com.ar\/index.php\/hebillas-y-herrajes\/"]}]},{"@type":"ImageObject","inLanguage":"es-AR","@id":"http:\/\/metalurgica2000.com.ar\/index.php\/hebillas-y-herrajes\/#primaryimage","url":"http:\/\/metalurgica2000.com.ar\/wordpress\/wp-content\/uploads\/2018\/11\/herrajes.jpg","contentUrl":"http:\/\/metalurgica2000.com.ar\/wordpress\/wp-content\/uploads\/2018\/11\/herrajes.jpg"},{"@type":"BreadcrumbList","@id":"http:\/\/metalurgica2000.com.ar\/index.php\/hebillas-y-herrajes\/#breadcrumb","itemListElement":[{"@type":"ListItem","position":1,"name":"Inicio","item":"http:\/\/metalurgica2000.com.ar\/"},{"@type":"ListItem","position":2,"name":"Hebillas y Herrajes"}]},{"@type":"WebSite","@id":"http:\/\/metalurgica2000.com.ar\/#website","url":"http:\/\/metalurgica2000.com.ar\/","name":"Metal\u00fargica 2000","description":"Industria de la fundici\u00f3n de Zamak","publisher":{"@id":"http:\/\/metalurgica2000.com.ar\/#organization"},"potentialAction":[{"@type":"SearchAction","target":{"@type":"EntryPoint","urlTemplate":"http:\/\/metalurgica2000.com.ar\/?s={search_term_string}"},"query-input":{"@type":"PropertyValueSpecification","valueRequired":true,"valueName":"search_term_string"}}],"inLanguage":"es-AR"},{"@type":"Organization","@id":"http:\/\/metalurgica2000.com.ar\/#organization","name":"Metal\u00fargica 2000","url":"http:\/\/metalurgica2000.com.ar\/","logo":{"@type":"ImageObject","inLanguage":"es-AR","@id":"http:\/\/metalurgica2000.com.ar\/#\/schema\/logo\/image\/","url":"https:\/\/metalurgica2000.com.ar\/wp-content\/uploads\/2018\/11\/cropped-logo-1.png","contentUrl":"https:\/\/metalurgica2000.com.ar\/wp-content\/uploads\/2018\/11\/cropped-logo-1.png","width":210,"height":107,"caption":"Metal\u00fargica 2000"},"image":{"@id":"http:\/\/metalurgica2000.com.ar\/#\/schema\/logo\/image\/"}}]}},"_links":{"self":[{"href":"https:\/\/metalurgica2000.com.ar\/index.php\/wp-json\/wp\/v2\/pages\/7","targetHints":{"allow":["GET"]}}],"collection":[{"href":"https:\/\/metalurgica2000.com.ar\/index.php\/wp-json\/wp\/v2\/pages"}],"about":[{"href":"https:\/\/metalurgica2000.com.ar\/index.php\/wp-json\/wp\/v2\/types\/page"}],"author":[{"embeddable":true,"href":"https:\/\/metalurgica2000.com.ar\/index.php\/wp-json\/wp\/v2\/users\/1"}],"replies":[{"embeddable":true,"href":"https:\/\/metalurgica2000.com.ar\/index.php\/wp-json\/wp\/v2\/comments?post=7"}],"version-history":[{"count":3,"href":"https:\/\/metalurgica2000.com.ar\/index.php\/wp-json\/wp\/v2\/pages\/7\/revisions"}],"predecessor-version":[{"id":170,"href":"https:\/\/metalurgica2000.com.ar\/index.php\/wp-json\/wp\/v2\/pages\/7\/revisions\/170"}],"wp:attachment":[{"href":"https:\/\/metalurgica2000.com.ar\/index.php\/wp-json\/wp\/v2\/media?parent=7"}],"curies":[{"name":"wp","href":"https:\/\/api.w.org\/{rel}","templated":true}]}}