{"id":5,"date":"2018-11-02T20:37:40","date_gmt":"2018-11-02T20:37:40","guid":{"rendered":"http:\/\/metalurgica2000.com.ar\/wordpress\/?page_id=5"},"modified":"2018-11-05T18:07:06","modified_gmt":"2018-11-05T18:07:06","slug":"industria-automotriz","status":"publish","type":"page","link":"https:\/\/metalurgica2000.com.ar\/index.php\/industria-automotriz\/","title":{"rendered":"Industria Automotriz"},"content":{"rendered":"\t\t<div data-elementor-type=\"wp-post\" data-elementor-id=\"5\" class=\"elementor elementor-5 elementor-bc-flex-widget\">\n\t\t\t\t\t\t<section class=\"elementor-section elementor-top-section elementor-element elementor-element-a207bb0 elementor-section-boxed elementor-section-height-default elementor-section-height-default\" data-id=\"a207bb0\" data-element_type=\"section\" data-e-type=\"section\">\n\t\t\t\t\t\t<div class=\"elementor-container elementor-column-gap-default\">\n\t\t\t\t\t<div class=\"elementor-column elementor-col-100 elementor-top-column elementor-element elementor-element-1e6d9f7\" data-id=\"1e6d9f7\" data-element_type=\"column\" data-e-type=\"column\">\n\t\t\t<div class=\"elementor-widget-wrap\">\n\t\t\t\t\t\t\t<\/div>\n\t\t<\/div>\n\t\t\t\t\t<\/div>\n\t\t<\/section>\n\t\t\t\t<section class=\"elementor-section elementor-top-section elementor-element elementor-element-70479bf8 elementor-section-content-middle elementor-section-boxed elementor-section-height-default elementor-section-height-default\" data-id=\"70479bf8\" data-element_type=\"section\" data-e-type=\"section\">\n\t\t\t\t\t\t<div class=\"elementor-container elementor-column-gap-no\">\n\t\t\t\t\t<div class=\"elementor-column elementor-col-50 elementor-top-column elementor-element elementor-element-2505913c\" data-id=\"2505913c\" data-element_type=\"column\" data-e-type=\"column\">\n\t\t\t<div class=\"elementor-widget-wrap elementor-element-populated\">\n\t\t\t\t\t\t<div class=\"elementor-element elementor-element-7537d726 elementor-widget elementor-widget-image\" data-id=\"7537d726\" data-element_type=\"widget\" data-e-type=\"widget\" data-widget_type=\"image.default\">\n\t\t\t\t<div class=\"elementor-widget-container\">\n\t\t\t\t\t\t\t\t\t\t\t\t\t\t\t<img fetchpriority=\"high\" decoding=\"async\" width=\"500\" height=\"420\" src=\"http:\/\/metalurgica2000.com.ar\/wp-content\/uploads\/2018\/11\/pieza.jpg\" class=\"attachment-full size-full wp-image-142\" alt=\"Tapa de distribuidor\" srcset=\"http:\/\/metalurgica2000.com.ar\/wp-content\/uploads\/2018\/11\/pieza.jpg 500w, http:\/\/metalurgica2000.com.ar\/wp-content\/uploads\/2018\/11\/pieza-300x252.jpg 300w\" sizes=\"(max-width: 500px) 100vw, 500px\" \/>\t\t\t\t\t\t\t\t\t\t\t\t\t\t\t<\/div>\n\t\t\t\t<\/div>\n\t\t\t\t\t<\/div>\n\t\t<\/div>\n\t\t\t\t<div class=\"elementor-column elementor-col-50 elementor-top-column elementor-element elementor-element-48d9ed82\" data-id=\"48d9ed82\" data-element_type=\"column\" data-e-type=\"column\">\n\t\t\t<div class=\"elementor-widget-wrap elementor-element-populated\">\n\t\t\t\t\t\t<div class=\"elementor-element elementor-element-7e30295a elementor-widget elementor-widget-text-editor\" data-id=\"7e30295a\" data-element_type=\"widget\" data-e-type=\"widget\" data-widget_type=\"text-editor.default\">\n\t\t\t\t<div class=\"elementor-widget-container\">\n\t\t\t\t\t\t\t\t\t<p>FUNDICION DE PIEZAS AUTOMOTRICES<\/p>\t\t\t\t\t\t\t\t<\/div>\n\t\t\t\t<\/div>\n\t\t\t\t<div class=\"elementor-element elementor-element-29296a03 elementor-widget elementor-widget-heading\" data-id=\"29296a03\" data-element_type=\"widget\" data-e-type=\"widget\" data-widget_type=\"heading.default\">\n\t\t\t\t<div class=\"elementor-widget-container\">\n\t\t\t\t\t<h3 class=\"elementor-heading-title elementor-size-default\">Alta precisi\u00f3n<\/h3>\t\t\t\t<\/div>\n\t\t\t\t<\/div>\n\t\t\t\t<div class=\"elementor-element elementor-element-58f98501 elementor-position-inline-start elementor-view-default elementor-mobile-position-block-start elementor-widget elementor-widget-icon-box\" data-id=\"58f98501\" data-element_type=\"widget\" data-e-type=\"widget\" data-widget_type=\"icon-box.default\">\n\t\t\t\t<div class=\"elementor-widget-container\">\n\t\t\t\t\t\t\t<div class=\"elementor-icon-box-wrapper\">\n\n\t\t\t\t\t\t<div class=\"elementor-icon-box-icon\">\n\t\t\t\t<span  class=\"elementor-icon\">\n\t\t\t\t<i class=\"fa fa-pencil\" aria-hidden=\"true\"><\/i>\t\t\t\t<\/span>\n\t\t\t<\/div>\n\t\t\t\n\t\t\t\t\t\t<div class=\"elementor-icon-box-content\">\n\n\t\t\t\t\t\t\t\t\t<h3 class=\"elementor-icon-box-title\">\n\t\t\t\t\t\t<span  >\n\t\t\t\t\t\t\tALEACIONES\t\t\t\t\t\t<\/span>\n\t\t\t\t\t<\/h3>\n\t\t\t\t\n\t\t\t\t\t\t\t\t\t<p class=\"elementor-icon-box-description\">\n\t\t\t\t\t\tProducimos aleaciones standar y a la medida de las necesidades del producto.\t\t\t\t\t<\/p>\n\t\t\t\t\n\t\t\t<\/div>\n\t\t\t\n\t\t<\/div>\n\t\t\t\t\t\t<\/div>\n\t\t\t\t<\/div>\n\t\t\t\t<div class=\"elementor-element elementor-element-76a65ba2 elementor-position-inline-start elementor-view-default elementor-mobile-position-block-start elementor-widget elementor-widget-icon-box\" data-id=\"76a65ba2\" data-element_type=\"widget\" data-e-type=\"widget\" data-widget_type=\"icon-box.default\">\n\t\t\t\t<div class=\"elementor-widget-container\">\n\t\t\t\t\t\t\t<div class=\"elementor-icon-box-wrapper\">\n\n\t\t\t\t\t\t<div class=\"elementor-icon-box-icon\">\n\t\t\t\t<span  class=\"elementor-icon\">\n\t\t\t\t<i class=\"fa fa-bullseye\" aria-hidden=\"true\"><\/i>\t\t\t\t<\/span>\n\t\t\t<\/div>\n\t\t\t\n\t\t\t\t\t\t<div class=\"elementor-icon-box-content\">\n\n\t\t\t\t\t\t\t\t\t<h3 class=\"elementor-icon-box-title\">\n\t\t\t\t\t\t<span  >\n\t\t\t\t\t\t\tTAMA\u00d1OS\t\t\t\t\t\t<\/span>\n\t\t\t\t\t<\/h3>\n\t\t\t\t\n\t\t\t\t\t\t\t\t\t<p class=\"elementor-icon-box-description\">\n\t\t\t\t\t\tRealizamos producci\u00f3n en serie de piezas desde 5 a 400 gs.\t\t\t\t\t<\/p>\n\t\t\t\t\n\t\t\t<\/div>\n\t\t\t\n\t\t<\/div>\n\t\t\t\t\t\t<\/div>\n\t\t\t\t<\/div>\n\t\t\t\t<div class=\"elementor-element elementor-element-4fc4babc elementor-position-inline-start elementor-view-default elementor-mobile-position-block-start elementor-widget elementor-widget-icon-box\" data-id=\"4fc4babc\" data-element_type=\"widget\" data-e-type=\"widget\" data-widget_type=\"icon-box.default\">\n\t\t\t\t<div class=\"elementor-widget-container\">\n\t\t\t\t\t\t\t<div class=\"elementor-icon-box-wrapper\">\n\n\t\t\t\t\t\t<div class=\"elementor-icon-box-icon\">\n\t\t\t\t<span  class=\"elementor-icon\">\n\t\t\t\t<i class=\"fa fa-codepen\" aria-hidden=\"true\"><\/i>\t\t\t\t<\/span>\n\t\t\t<\/div>\n\t\t\t\n\t\t\t\t\t\t<div class=\"elementor-icon-box-content\">\n\n\t\t\t\t\t\t\t\t\t<h3 class=\"elementor-icon-box-title\">\n\t\t\t\t\t\t<span  >\n\t\t\t\t\t\t\tACABADO\t\t\t\t\t\t<\/span>\n\t\t\t\t\t<\/h3>\n\t\t\t\t\n\t\t\t\t\t\t\t\t\t<p class=\"elementor-icon-box-description\">\n\t\t\t\t\t\tProporcionamos la pieza terminada con el acabadoque el cliente prefiera\t\t\t\t\t<\/p>\n\t\t\t\t\n\t\t\t<\/div>\n\t\t\t\n\t\t<\/div>\n\t\t\t\t\t\t<\/div>\n\t\t\t\t<\/div>\n\t\t\t\t\t<\/div>\n\t\t<\/div>\n\t\t\t\t\t<\/div>\n\t\t<\/section>\n\t\t\t\t<\/div>\n\t\t","protected":false},"excerpt":{"rendered":"<p>FUNDICION DE PIEZAS AUTOMOTRICES Alta precisi\u00f3n ALEACIONES Producimos aleaciones standar y a la medida de las necesidades del producto. TAMA\u00d1OS Realizamos producci\u00f3n en serie de piezas desde 5 a 400 gs. ACABADO Proporcionamos la pieza terminada con el acabadoque el cliente prefiera<\/p>\n","protected":false},"author":1,"featured_media":0,"parent":0,"menu_order":0,"comment_status":"closed","ping_status":"closed","template":"","meta":{"footnotes":""},"class_list":["post-5","page","type-page","status-publish","hentry"],"yoast_head":"<!-- This site is optimized with the Yoast SEO plugin v27.5 - https:\/\/yoast.com\/product\/yoast-seo-wordpress\/ -->\n<title>Industria Automotriz - Metal\u00fargica 2000<\/title>\n<meta name=\"robots\" content=\"index, follow, max-snippet:-1, max-image-preview:large, max-video-preview:-1\" \/>\n<link rel=\"canonical\" href=\"http:\/\/metalurgica2000.com.ar\/index.php\/industria-automotriz\/\" \/>\n<meta property=\"og:locale\" content=\"es_ES\" \/>\n<meta property=\"og:type\" content=\"article\" \/>\n<meta property=\"og:title\" content=\"Industria Automotriz - Metal\u00fargica 2000\" \/>\n<meta property=\"og:description\" content=\"FUNDICION DE PIEZAS AUTOMOTRICES Alta precisi\u00f3n ALEACIONES Producimos aleaciones standar y a la medida de las necesidades del producto. TAMA\u00d1OS Realizamos producci\u00f3n en serie de piezas desde 5 a 400 gs. ACABADO Proporcionamos la pieza terminada con el acabadoque el cliente prefiera\" \/>\n<meta property=\"og:url\" content=\"http:\/\/metalurgica2000.com.ar\/index.php\/industria-automotriz\/\" \/>\n<meta property=\"og:site_name\" content=\"Metal\u00fargica 2000\" \/>\n<meta property=\"article:modified_time\" content=\"2018-11-05T18:07:06+00:00\" \/>\n<meta property=\"og:image\" content=\"http:\/\/metalurgica2000.com.ar\/wordpress\/wp-content\/uploads\/2018\/11\/pieza.jpg\" \/>\n<meta name=\"twitter:card\" content=\"summary_large_image\" \/>\n<script type=\"application\/ld+json\" class=\"yoast-schema-graph\">{\"@context\":\"https:\\\/\\\/schema.org\",\"@graph\":[{\"@type\":\"WebPage\",\"@id\":\"http:\\\/\\\/metalurgica2000.com.ar\\\/index.php\\\/industria-automotriz\\\/\",\"url\":\"http:\\\/\\\/metalurgica2000.com.ar\\\/index.php\\\/industria-automotriz\\\/\",\"name\":\"Industria Automotriz - Metal\u00fargica 2000\",\"isPartOf\":{\"@id\":\"http:\\\/\\\/metalurgica2000.com.ar\\\/#website\"},\"primaryImageOfPage\":{\"@id\":\"http:\\\/\\\/metalurgica2000.com.ar\\\/index.php\\\/industria-automotriz\\\/#primaryimage\"},\"image\":{\"@id\":\"http:\\\/\\\/metalurgica2000.com.ar\\\/index.php\\\/industria-automotriz\\\/#primaryimage\"},\"thumbnailUrl\":\"http:\\\/\\\/metalurgica2000.com.ar\\\/wordpress\\\/wp-content\\\/uploads\\\/2018\\\/11\\\/pieza.jpg\",\"datePublished\":\"2018-11-02T20:37:40+00:00\",\"dateModified\":\"2018-11-05T18:07:06+00:00\",\"breadcrumb\":{\"@id\":\"http:\\\/\\\/metalurgica2000.com.ar\\\/index.php\\\/industria-automotriz\\\/#breadcrumb\"},\"inLanguage\":\"es-AR\",\"potentialAction\":[{\"@type\":\"ReadAction\",\"target\":[\"http:\\\/\\\/metalurgica2000.com.ar\\\/index.php\\\/industria-automotriz\\\/\"]}]},{\"@type\":\"ImageObject\",\"inLanguage\":\"es-AR\",\"@id\":\"http:\\\/\\\/metalurgica2000.com.ar\\\/index.php\\\/industria-automotriz\\\/#primaryimage\",\"url\":\"http:\\\/\\\/metalurgica2000.com.ar\\\/wordpress\\\/wp-content\\\/uploads\\\/2018\\\/11\\\/pieza.jpg\",\"contentUrl\":\"http:\\\/\\\/metalurgica2000.com.ar\\\/wordpress\\\/wp-content\\\/uploads\\\/2018\\\/11\\\/pieza.jpg\"},{\"@type\":\"BreadcrumbList\",\"@id\":\"http:\\\/\\\/metalurgica2000.com.ar\\\/index.php\\\/industria-automotriz\\\/#breadcrumb\",\"itemListElement\":[{\"@type\":\"ListItem\",\"position\":1,\"name\":\"Inicio\",\"item\":\"http:\\\/\\\/metalurgica2000.com.ar\\\/\"},{\"@type\":\"ListItem\",\"position\":2,\"name\":\"Industria Automotriz\"}]},{\"@type\":\"WebSite\",\"@id\":\"http:\\\/\\\/metalurgica2000.com.ar\\\/#website\",\"url\":\"http:\\\/\\\/metalurgica2000.com.ar\\\/\",\"name\":\"Metal\u00fargica 2000\",\"description\":\"Industria de la fundici\u00f3n de Zamak\",\"publisher\":{\"@id\":\"http:\\\/\\\/metalurgica2000.com.ar\\\/#organization\"},\"potentialAction\":[{\"@type\":\"SearchAction\",\"target\":{\"@type\":\"EntryPoint\",\"urlTemplate\":\"http:\\\/\\\/metalurgica2000.com.ar\\\/?s={search_term_string}\"},\"query-input\":{\"@type\":\"PropertyValueSpecification\",\"valueRequired\":true,\"valueName\":\"search_term_string\"}}],\"inLanguage\":\"es-AR\"},{\"@type\":\"Organization\",\"@id\":\"http:\\\/\\\/metalurgica2000.com.ar\\\/#organization\",\"name\":\"Metal\u00fargica 2000\",\"url\":\"http:\\\/\\\/metalurgica2000.com.ar\\\/\",\"logo\":{\"@type\":\"ImageObject\",\"inLanguage\":\"es-AR\",\"@id\":\"http:\\\/\\\/metalurgica2000.com.ar\\\/#\\\/schema\\\/logo\\\/image\\\/\",\"url\":\"https:\\\/\\\/metalurgica2000.com.ar\\\/wp-content\\\/uploads\\\/2018\\\/11\\\/cropped-logo-1.png\",\"contentUrl\":\"https:\\\/\\\/metalurgica2000.com.ar\\\/wp-content\\\/uploads\\\/2018\\\/11\\\/cropped-logo-1.png\",\"width\":210,\"height\":107,\"caption\":\"Metal\u00fargica 2000\"},\"image\":{\"@id\":\"http:\\\/\\\/metalurgica2000.com.ar\\\/#\\\/schema\\\/logo\\\/image\\\/\"}}]}<\/script>\n<!-- \/ Yoast SEO plugin. -->","yoast_head_json":{"title":"Industria Automotriz - Metal\u00fargica 2000","robots":{"index":"index","follow":"follow","max-snippet":"max-snippet:-1","max-image-preview":"max-image-preview:large","max-video-preview":"max-video-preview:-1"},"canonical":"http:\/\/metalurgica2000.com.ar\/index.php\/industria-automotriz\/","og_locale":"es_ES","og_type":"article","og_title":"Industria Automotriz - Metal\u00fargica 2000","og_description":"FUNDICION DE PIEZAS AUTOMOTRICES Alta precisi\u00f3n ALEACIONES Producimos aleaciones standar y a la medida de las necesidades del producto. TAMA\u00d1OS Realizamos producci\u00f3n en serie de piezas desde 5 a 400 gs. ACABADO Proporcionamos la pieza terminada con el acabadoque el cliente prefiera","og_url":"http:\/\/metalurgica2000.com.ar\/index.php\/industria-automotriz\/","og_site_name":"Metal\u00fargica 2000","article_modified_time":"2018-11-05T18:07:06+00:00","og_image":[{"url":"http:\/\/metalurgica2000.com.ar\/wordpress\/wp-content\/uploads\/2018\/11\/pieza.jpg","type":"","width":"","height":""}],"twitter_card":"summary_large_image","schema":{"@context":"https:\/\/schema.org","@graph":[{"@type":"WebPage","@id":"http:\/\/metalurgica2000.com.ar\/index.php\/industria-automotriz\/","url":"http:\/\/metalurgica2000.com.ar\/index.php\/industria-automotriz\/","name":"Industria Automotriz - Metal\u00fargica 2000","isPartOf":{"@id":"http:\/\/metalurgica2000.com.ar\/#website"},"primaryImageOfPage":{"@id":"http:\/\/metalurgica2000.com.ar\/index.php\/industria-automotriz\/#primaryimage"},"image":{"@id":"http:\/\/metalurgica2000.com.ar\/index.php\/industria-automotriz\/#primaryimage"},"thumbnailUrl":"http:\/\/metalurgica2000.com.ar\/wordpress\/wp-content\/uploads\/2018\/11\/pieza.jpg","datePublished":"2018-11-02T20:37:40+00:00","dateModified":"2018-11-05T18:07:06+00:00","breadcrumb":{"@id":"http:\/\/metalurgica2000.com.ar\/index.php\/industria-automotriz\/#breadcrumb"},"inLanguage":"es-AR","potentialAction":[{"@type":"ReadAction","target":["http:\/\/metalurgica2000.com.ar\/index.php\/industria-automotriz\/"]}]},{"@type":"ImageObject","inLanguage":"es-AR","@id":"http:\/\/metalurgica2000.com.ar\/index.php\/industria-automotriz\/#primaryimage","url":"http:\/\/metalurgica2000.com.ar\/wordpress\/wp-content\/uploads\/2018\/11\/pieza.jpg","contentUrl":"http:\/\/metalurgica2000.com.ar\/wordpress\/wp-content\/uploads\/2018\/11\/pieza.jpg"},{"@type":"BreadcrumbList","@id":"http:\/\/metalurgica2000.com.ar\/index.php\/industria-automotriz\/#breadcrumb","itemListElement":[{"@type":"ListItem","position":1,"name":"Inicio","item":"http:\/\/metalurgica2000.com.ar\/"},{"@type":"ListItem","position":2,"name":"Industria Automotriz"}]},{"@type":"WebSite","@id":"http:\/\/metalurgica2000.com.ar\/#website","url":"http:\/\/metalurgica2000.com.ar\/","name":"Metal\u00fargica 2000","description":"Industria de la fundici\u00f3n de Zamak","publisher":{"@id":"http:\/\/metalurgica2000.com.ar\/#organization"},"potentialAction":[{"@type":"SearchAction","target":{"@type":"EntryPoint","urlTemplate":"http:\/\/metalurgica2000.com.ar\/?s={search_term_string}"},"query-input":{"@type":"PropertyValueSpecification","valueRequired":true,"valueName":"search_term_string"}}],"inLanguage":"es-AR"},{"@type":"Organization","@id":"http:\/\/metalurgica2000.com.ar\/#organization","name":"Metal\u00fargica 2000","url":"http:\/\/metalurgica2000.com.ar\/","logo":{"@type":"ImageObject","inLanguage":"es-AR","@id":"http:\/\/metalurgica2000.com.ar\/#\/schema\/logo\/image\/","url":"https:\/\/metalurgica2000.com.ar\/wp-content\/uploads\/2018\/11\/cropped-logo-1.png","contentUrl":"https:\/\/metalurgica2000.com.ar\/wp-content\/uploads\/2018\/11\/cropped-logo-1.png","width":210,"height":107,"caption":"Metal\u00fargica 2000"},"image":{"@id":"http:\/\/metalurgica2000.com.ar\/#\/schema\/logo\/image\/"}}]}},"_links":{"self":[{"href":"https:\/\/metalurgica2000.com.ar\/index.php\/wp-json\/wp\/v2\/pages\/5","targetHints":{"allow":["GET"]}}],"collection":[{"href":"https:\/\/metalurgica2000.com.ar\/index.php\/wp-json\/wp\/v2\/pages"}],"about":[{"href":"https:\/\/metalurgica2000.com.ar\/index.php\/wp-json\/wp\/v2\/types\/page"}],"author":[{"embeddable":true,"href":"https:\/\/metalurgica2000.com.ar\/index.php\/wp-json\/wp\/v2\/users\/1"}],"replies":[{"embeddable":true,"href":"https:\/\/metalurgica2000.com.ar\/index.php\/wp-json\/wp\/v2\/comments?post=5"}],"version-history":[{"count":10,"href":"https:\/\/metalurgica2000.com.ar\/index.php\/wp-json\/wp\/v2\/pages\/5\/revisions"}],"predecessor-version":[{"id":156,"href":"https:\/\/metalurgica2000.com.ar\/index.php\/wp-json\/wp\/v2\/pages\/5\/revisions\/156"}],"wp:attachment":[{"href":"https:\/\/metalurgica2000.com.ar\/index.php\/wp-json\/wp\/v2\/media?parent=5"}],"curies":[{"name":"wp","href":"https:\/\/api.w.org\/{rel}","templated":true}]}}