{"id":30,"date":"2018-11-02T21:00:30","date_gmt":"2018-11-02T21:00:30","guid":{"rendered":"http:\/\/metalurgica2000.com.ar\/wordpress\/?page_id=30"},"modified":"2018-11-05T15:45:24","modified_gmt":"2018-11-05T15:45:24","slug":"inicio","status":"publish","type":"page","link":"https:\/\/metalurgica2000.com.ar\/","title":{"rendered":"Inicio"},"content":{"rendered":"\t\t<div data-elementor-type=\"wp-post\" data-elementor-id=\"30\" class=\"elementor elementor-30 elementor-bc-flex-widget\">\n\t\t\t\t\t\t<section class=\"elementor-section elementor-top-section elementor-element elementor-element-2e8a690b elementor-section-boxed elementor-section-height-default elementor-section-height-default\" data-id=\"2e8a690b\" data-element_type=\"section\" data-e-type=\"section\">\n\t\t\t\t\t\t<div class=\"elementor-container elementor-column-gap-default\">\n\t\t\t\t\t<div class=\"elementor-column elementor-col-100 elementor-top-column elementor-element elementor-element-3407542b\" data-id=\"3407542b\" data-element_type=\"column\" data-e-type=\"column\">\n\t\t\t<div class=\"elementor-widget-wrap elementor-element-populated\">\n\t\t\t\t\t\t<div class=\"elementor-element elementor-element-16e61d8 elementor-widget-divider--view-line elementor-widget elementor-widget-divider\" data-id=\"16e61d8\" data-element_type=\"widget\" data-e-type=\"widget\" data-widget_type=\"divider.default\">\n\t\t\t\t<div class=\"elementor-widget-container\">\n\t\t\t\t\t\t\t<div class=\"elementor-divider\">\n\t\t\t<span class=\"elementor-divider-separator\">\n\t\t\t\t\t\t<\/span>\n\t\t<\/div>\n\t\t\t\t\t\t<\/div>\n\t\t\t\t<\/div>\n\t\t\t\t\t<\/div>\n\t\t<\/div>\n\t\t\t\t\t<\/div>\n\t\t<\/section>\n\t\t\t\t<section class=\"elementor-section elementor-top-section elementor-element elementor-element-30011a44 elementor-section-content-middle elementor-section-boxed elementor-section-height-default elementor-section-height-default\" data-id=\"30011a44\" data-element_type=\"section\" data-e-type=\"section\" data-settings=\"{&quot;background_background&quot;:&quot;gradient&quot;}\">\n\t\t\t\t\t\t<div class=\"elementor-container elementor-column-gap-no\">\n\t\t\t\t\t<div class=\"elementor-column elementor-col-33 elementor-top-column elementor-element elementor-element-28fa0e8d\" data-id=\"28fa0e8d\" data-element_type=\"column\" data-e-type=\"column\">\n\t\t\t<div class=\"elementor-widget-wrap elementor-element-populated\">\n\t\t\t\t\t\t<div class=\"elementor-element elementor-element-561626d7 elementor-widget elementor-widget-text-editor\" data-id=\"561626d7\" data-element_type=\"widget\" data-e-type=\"widget\" data-widget_type=\"text-editor.default\">\n\t\t\t\t<div class=\"elementor-widget-container\">\n\t\t\t\t\t\t\t\t\t<p>aleaciones industriales<\/p>\t\t\t\t\t\t\t\t<\/div>\n\t\t\t\t<\/div>\n\t\t\t\t<div class=\"elementor-element elementor-element-67fbff7d elementor-widget elementor-widget-heading\" data-id=\"67fbff7d\" data-element_type=\"widget\" data-e-type=\"widget\" data-widget_type=\"heading.default\">\n\t\t\t\t<div class=\"elementor-widget-container\">\n\t\t\t\t\t<h3 class=\"elementor-heading-title elementor-size-default\">Zamac, en su industria<\/h3>\t\t\t\t<\/div>\n\t\t\t\t<\/div>\n\t\t\t\t<div class=\"elementor-element elementor-element-f0b16d9 elementor-widget-divider--view-line elementor-widget elementor-widget-divider\" data-id=\"f0b16d9\" data-element_type=\"widget\" data-e-type=\"widget\" data-widget_type=\"divider.default\">\n\t\t\t\t<div class=\"elementor-widget-container\">\n\t\t\t\t\t\t\t<div class=\"elementor-divider\">\n\t\t\t<span class=\"elementor-divider-separator\">\n\t\t\t\t\t\t<\/span>\n\t\t<\/div>\n\t\t\t\t\t\t<\/div>\n\t\t\t\t<\/div>\n\t\t\t\t\t<\/div>\n\t\t<\/div>\n\t\t\t\t<div class=\"elementor-column elementor-col-33 elementor-top-column elementor-element elementor-element-4c273d6a\" data-id=\"4c273d6a\" data-element_type=\"column\" data-e-type=\"column\">\n\t\t\t<div class=\"elementor-widget-wrap elementor-element-populated\">\n\t\t\t\t\t\t<div class=\"elementor-element elementor-element-7ce5491f elementor-widget elementor-widget-image\" data-id=\"7ce5491f\" data-element_type=\"widget\" data-e-type=\"widget\" data-widget_type=\"image.default\">\n\t\t\t\t<div class=\"elementor-widget-container\">\n\t\t\t\t\t\t\t\t\t\t\t\t\t\t\t<img fetchpriority=\"high\" decoding=\"async\" width=\"460\" height=\"321\" src=\"http:\/\/metalurgica2000.com.ar\/wp-content\/uploads\/2018\/11\/iluminacion.png\" class=\"elementor-animation-grow attachment-full size-full wp-image-79\" alt=\"\" srcset=\"http:\/\/metalurgica2000.com.ar\/wp-content\/uploads\/2018\/11\/iluminacion.png 460w, http:\/\/metalurgica2000.com.ar\/wp-content\/uploads\/2018\/11\/iluminacion-300x209.png 300w\" sizes=\"(max-width: 460px) 100vw, 460px\" \/>\t\t\t\t\t\t\t\t\t\t\t\t\t\t\t<\/div>\n\t\t\t\t<\/div>\n\t\t\t\t<div class=\"elementor-element elementor-element-758446b8 elementor-widget elementor-widget-text-editor\" data-id=\"758446b8\" data-element_type=\"widget\" data-e-type=\"widget\" data-widget_type=\"text-editor.default\">\n\t\t\t\t<div class=\"elementor-widget-container\">\n\t\t\t\t\t\t\t\t\t<p><b>El zamak<\/b> es una aleaci\u00f3n de zinc con aluminio, magnesio y cobre. Tiene dureza, alta resistencia a la tracci\u00f3n, densidad 6,6 g\/cm\u00b3 y temperatura de fusi\u00f3n de 386 \u00b0C.\u00a0<\/p>\t\t\t\t\t\t\t\t<\/div>\n\t\t\t\t<\/div>\n\t\t\t\t\t<\/div>\n\t\t<\/div>\n\t\t\t\t<div class=\"elementor-column elementor-col-33 elementor-top-column elementor-element elementor-element-745f26fc\" data-id=\"745f26fc\" data-element_type=\"column\" data-e-type=\"column\">\n\t\t\t<div class=\"elementor-widget-wrap elementor-element-populated\">\n\t\t\t\t\t\t<div class=\"elementor-element elementor-element-77c9e453 elementor-widget elementor-widget-text-editor\" data-id=\"77c9e453\" data-element_type=\"widget\" data-e-type=\"widget\" data-widget_type=\"text-editor.default\">\n\t\t\t\t<div class=\"elementor-widget-container\">\n\t\t\t\t\t\t\t\t\t<p>El Zamac cada vez se usa m\u00e1s en todas las industrias, desde carcasas para motores, industria automotriz, juguetes, Bijouterie, etc.<\/p>\t\t\t\t\t\t\t\t<\/div>\n\t\t\t\t<\/div>\n\t\t\t\t<div class=\"elementor-element elementor-element-fa32bcc elementor-widget elementor-widget-image\" data-id=\"fa32bcc\" data-element_type=\"widget\" data-e-type=\"widget\" data-widget_type=\"image.default\">\n\t\t\t\t<div class=\"elementor-widget-container\">\n\t\t\t\t\t\t\t\t\t\t\t\t\t\t\t<img decoding=\"async\" width=\"450\" height=\"343\" src=\"http:\/\/metalurgica2000.com.ar\/wp-content\/uploads\/2018\/11\/hebillas-copia-1.png\" class=\"elementor-animation-grow attachment-full size-full wp-image-78\" alt=\"\" srcset=\"http:\/\/metalurgica2000.com.ar\/wp-content\/uploads\/2018\/11\/hebillas-copia-1.png 450w, http:\/\/metalurgica2000.com.ar\/wp-content\/uploads\/2018\/11\/hebillas-copia-1-300x229.png 300w\" sizes=\"(max-width: 450px) 100vw, 450px\" \/>\t\t\t\t\t\t\t\t\t\t\t\t\t\t\t<\/div>\n\t\t\t\t<\/div>\n\t\t\t\t\t<\/div>\n\t\t<\/div>\n\t\t\t\t\t<\/div>\n\t\t<\/section>\n\t\t\t\t<section class=\"elementor-section elementor-top-section elementor-element elementor-element-767ea863 elementor-section-content-middle elementor-section-boxed elementor-section-height-default elementor-section-height-default\" data-id=\"767ea863\" data-element_type=\"section\" data-e-type=\"section\">\n\t\t\t\t\t\t<div class=\"elementor-container elementor-column-gap-no\">\n\t\t\t\t\t<div class=\"elementor-column elementor-col-33 elementor-top-column elementor-element elementor-element-2d001ef1\" data-id=\"2d001ef1\" data-element_type=\"column\" data-e-type=\"column\">\n\t\t\t<div class=\"elementor-widget-wrap elementor-element-populated\">\n\t\t\t\t\t\t<div class=\"elementor-element elementor-element-70c30bc3 elementor-view-default elementor-position-block-start elementor-mobile-position-block-start elementor-widget elementor-widget-icon-box\" data-id=\"70c30bc3\" data-element_type=\"widget\" data-e-type=\"widget\" data-widget_type=\"icon-box.default\">\n\t\t\t\t<div class=\"elementor-widget-container\">\n\t\t\t\t\t\t\t<div class=\"elementor-icon-box-wrapper\">\n\n\t\t\t\t\t\t<div class=\"elementor-icon-box-icon\">\n\t\t\t\t<span  class=\"elementor-icon elementor-animation-grow\">\n\t\t\t\t<i class=\"fa fa-cube\" aria-hidden=\"true\"><\/i>\t\t\t\t<\/span>\n\t\t\t<\/div>\n\t\t\t\n\t\t\t\t\t\t<div class=\"elementor-icon-box-content\">\n\n\t\t\t\t\t\t\t\t\t<h4 class=\"elementor-icon-box-title\">\n\t\t\t\t\t\t<span  >\n\t\t\t\t\t\t\tMatricer\u00eda propia\t\t\t\t\t\t<\/span>\n\t\t\t\t\t<\/h4>\n\t\t\t\t\n\t\t\t\t\t\t\t\t\t<p class=\"elementor-icon-box-description\">\n\t\t\t\t\t\tParte del servicio para garantizar buenos resultados finales es la matricer\u00eda que se realiza en nuestro propio taller.\t\t\t\t\t<\/p>\n\t\t\t\t\n\t\t\t<\/div>\n\t\t\t\n\t\t<\/div>\n\t\t\t\t\t\t<\/div>\n\t\t\t\t<\/div>\n\t\t\t\t\t<\/div>\n\t\t<\/div>\n\t\t\t\t<div class=\"elementor-column elementor-col-33 elementor-top-column elementor-element elementor-element-6b435b6\" data-id=\"6b435b6\" data-element_type=\"column\" data-e-type=\"column\">\n\t\t\t<div class=\"elementor-widget-wrap elementor-element-populated\">\n\t\t\t\t\t\t<div class=\"elementor-element elementor-element-765fb1cb elementor-view-default elementor-position-block-start elementor-mobile-position-block-start elementor-widget elementor-widget-icon-box\" data-id=\"765fb1cb\" data-element_type=\"widget\" data-e-type=\"widget\" data-widget_type=\"icon-box.default\">\n\t\t\t\t<div class=\"elementor-widget-container\">\n\t\t\t\t\t\t\t<div class=\"elementor-icon-box-wrapper\">\n\n\t\t\t\t\t\t<div class=\"elementor-icon-box-icon\">\n\t\t\t\t<span  class=\"elementor-icon elementor-animation-grow\">\n\t\t\t\t<i class=\"fa fa-rocket\" aria-hidden=\"true\"><\/i>\t\t\t\t<\/span>\n\t\t\t<\/div>\n\t\t\t\n\t\t\t\t\t\t<div class=\"elementor-icon-box-content\">\n\n\t\t\t\t\t\t\t\t\t<h4 class=\"elementor-icon-box-title\">\n\t\t\t\t\t\t<span  >\n\t\t\t\t\t\t\tPrecisi\u00f3n en los detalles\t\t\t\t\t\t<\/span>\n\t\t\t\t\t<\/h4>\n\t\t\t\t\n\t\t\t\t\t\t\t\t\t<p class=\"elementor-icon-box-description\">\n\t\t\t\t\t\tLa fabricaci\u00f3n de piezas por inyecci\u00f3n de Zamak permite reproducir f\u00e1cilmente todos los detalles de las piezas.\t\t\t\t\t<\/p>\n\t\t\t\t\n\t\t\t<\/div>\n\t\t\t\n\t\t<\/div>\n\t\t\t\t\t\t<\/div>\n\t\t\t\t<\/div>\n\t\t\t\t\t<\/div>\n\t\t<\/div>\n\t\t\t\t<div class=\"elementor-column elementor-col-33 elementor-top-column elementor-element elementor-element-3c745957\" data-id=\"3c745957\" data-element_type=\"column\" data-e-type=\"column\">\n\t\t\t<div class=\"elementor-widget-wrap elementor-element-populated\">\n\t\t\t\t\t\t<div class=\"elementor-element elementor-element-4958f7bd elementor-view-default elementor-position-block-start elementor-mobile-position-block-start elementor-widget elementor-widget-icon-box\" data-id=\"4958f7bd\" data-element_type=\"widget\" data-e-type=\"widget\" data-widget_type=\"icon-box.default\">\n\t\t\t\t<div class=\"elementor-widget-container\">\n\t\t\t\t\t\t\t<div class=\"elementor-icon-box-wrapper\">\n\n\t\t\t\t\t\t<div class=\"elementor-icon-box-icon\">\n\t\t\t\t<span  class=\"elementor-icon elementor-animation-grow\">\n\t\t\t\t<i class=\"fa fa-paint-brush\" aria-hidden=\"true\"><\/i>\t\t\t\t<\/span>\n\t\t\t<\/div>\n\t\t\t\n\t\t\t\t\t\t<div class=\"elementor-icon-box-content\">\n\n\t\t\t\t\t\t\t\t\t<h4 class=\"elementor-icon-box-title\">\n\t\t\t\t\t\t<span  >\n\t\t\t\t\t\t\tAcabado perfecto\t\t\t\t\t\t<\/span>\n\t\t\t\t\t<\/h4>\n\t\t\t\t\n\t\t\t\t\t\t\t\t\t<p class=\"elementor-icon-box-description\">\n\t\t\t\t\t\tCromado, anodizado, pintura en polvo, etc son algunos de los diversos acabados que le puede dar a las piezas de Zamac.\t\t\t\t\t<\/p>\n\t\t\t\t\n\t\t\t<\/div>\n\t\t\t\n\t\t<\/div>\n\t\t\t\t\t\t<\/div>\n\t\t\t\t<\/div>\n\t\t\t\t\t<\/div>\n\t\t<\/div>\n\t\t\t\t\t<\/div>\n\t\t<\/section>\n\t\t\t\t<section class=\"elementor-section elementor-top-section elementor-element elementor-element-1e7c1893 elementor-section-height-min-height elementor-section-content-middle elementor-section-boxed elementor-section-height-default elementor-section-items-middle\" data-id=\"1e7c1893\" data-element_type=\"section\" data-e-type=\"section\" data-settings=\"{&quot;background_background&quot;:&quot;classic&quot;}\">\n\t\t\t\t\t\t\t<div class=\"elementor-background-overlay\"><\/div>\n\t\t\t\t\t\t\t<div class=\"elementor-container elementor-column-gap-default\">\n\t\t\t\t\t<div class=\"elementor-column elementor-col-100 elementor-top-column elementor-element elementor-element-4849e28\" data-id=\"4849e28\" data-element_type=\"column\" data-e-type=\"column\">\n\t\t\t<div class=\"elementor-widget-wrap elementor-element-populated\">\n\t\t\t\t\t\t<div class=\"elementor-element elementor-element-5a81bd94 elementor-widget elementor-widget-heading\" data-id=\"5a81bd94\" data-element_type=\"widget\" data-e-type=\"widget\" data-widget_type=\"heading.default\">\n\t\t\t\t<div class=\"elementor-widget-container\">\n\t\t\t\t\t<h5 class=\"elementor-heading-title elementor-size-default\">INDUSTRIA<\/h5>\t\t\t\t<\/div>\n\t\t\t\t<\/div>\n\t\t\t\t<div class=\"elementor-element elementor-element-159ff636 elementor-widget elementor-widget-heading\" data-id=\"159ff636\" data-element_type=\"widget\" data-e-type=\"widget\" data-widget_type=\"heading.default\">\n\t\t\t\t<div class=\"elementor-widget-container\">\n\t\t\t\t\t<h2 class=\"elementor-heading-title elementor-size-default\">Desde 1984 <br>acompa\u00f1ando la industria<\/h2>\t\t\t\t<\/div>\n\t\t\t\t<\/div>\n\t\t\t\t<div class=\"elementor-element elementor-element-5d930e15 elementor-widget elementor-widget-text-editor\" data-id=\"5d930e15\" data-element_type=\"widget\" data-e-type=\"widget\" data-widget_type=\"text-editor.default\">\n\t\t\t\t<div class=\"elementor-widget-container\">\n\t\t\t\t\t\t\t\t\t<p>Cada a\u00f1o renovamos el compromiso con el sector industrial argentino, produciendo a conciencia bajo estandares internacionales<\/p>\t\t\t\t\t\t\t\t<\/div>\n\t\t\t\t<\/div>\n\t\t\t\t<div class=\"elementor-element elementor-element-104387c9 elementor-widget elementor-widget-button\" data-id=\"104387c9\" data-element_type=\"widget\" data-e-type=\"widget\" data-widget_type=\"button.default\">\n\t\t\t\t<div class=\"elementor-widget-container\">\n\t\t\t\t\t\t\t\t\t<div class=\"elementor-button-wrapper\">\n\t\t\t\t\t<a class=\"elementor-button elementor-button-link elementor-size-sm elementor-animation-grow\" href=\"#\">\n\t\t\t\t\t\t<span class=\"elementor-button-content-wrapper\">\n\t\t\t\t\t\t\t\t\t<span class=\"elementor-button-text\">Nuestra empresa<\/span>\n\t\t\t\t\t<\/span>\n\t\t\t\t\t<\/a>\n\t\t\t\t<\/div>\n\t\t\t\t\t\t\t\t<\/div>\n\t\t\t\t<\/div>\n\t\t\t\t\t<\/div>\n\t\t<\/div>\n\t\t\t\t\t<\/div>\n\t\t<\/section>\n\t\t\t\t<\/div>\n\t\t","protected":false},"excerpt":{"rendered":"<p>Smart Slider with ID: 3 aleaciones industriales Zamac, en su industria El zamak es una aleaci\u00f3n de zinc con aluminio, magnesio y cobre. Tiene dureza, alta resistencia a la tracci\u00f3n, densidad 6,6 g\/cm\u00b3 y temperatura de fusi\u00f3n de 386 \u00b0C. El Zamac cada vez se usa m\u00e1s en todas las industrias, desde carcasas para motores,<\/p><\/div>\n<div class=\"blog-btn\"><a href=\"https:\/\/metalurgica2000.com.ar\/\" class=\"home-blog-btn\">Read More<\/a><\/p>\n","protected":false},"author":1,"featured_media":0,"parent":0,"menu_order":0,"comment_status":"closed","ping_status":"closed","template":"elementor_header_footer","meta":{"footnotes":""},"class_list":["post-30","page","type-page","status-publish","hentry"],"yoast_head":"<!-- This site is optimized with the Yoast SEO plugin v27.5 - https:\/\/yoast.com\/product\/yoast-seo-wordpress\/ -->\n<title>Inicio - Metal\u00fargica 2000<\/title>\n<meta name=\"robots\" content=\"index, follow, max-snippet:-1, max-image-preview:large, max-video-preview:-1\" \/>\n<link rel=\"canonical\" href=\"http:\/\/metalurgica2000.com.ar\/\" \/>\n<meta property=\"og:locale\" content=\"es_ES\" \/>\n<meta property=\"og:type\" content=\"article\" \/>\n<meta property=\"og:title\" content=\"Inicio - Metal\u00fargica 2000\" \/>\n<meta property=\"og:description\" content=\"Smart Slider with ID: 3 aleaciones industriales Zamac, en su industria El zamak es una aleaci\u00f3n de zinc con aluminio, magnesio y cobre. Tiene dureza, alta resistencia a la tracci\u00f3n, densidad 6,6 g\/cm\u00b3 y temperatura de fusi\u00f3n de 386 \u00b0C. El Zamac cada vez se usa m\u00e1s en todas las industrias, desde carcasas para motores,Read More\" \/>\n<meta property=\"og:url\" content=\"http:\/\/metalurgica2000.com.ar\/\" \/>\n<meta property=\"og:site_name\" content=\"Metal\u00fargica 2000\" \/>\n<meta property=\"article:modified_time\" content=\"2018-11-05T15:45:24+00:00\" \/>\n<meta property=\"og:image\" content=\"http:\/\/metalurgica2000.com.ar\/wordpress\/wp-content\/uploads\/2018\/11\/iluminacion.png\" \/>\n<meta name=\"twitter:card\" content=\"summary_large_image\" \/>\n<meta name=\"twitter:label1\" content=\"Tiempo de lectura\" \/>\n\t<meta name=\"twitter:data1\" content=\"1 minuto\" \/>\n<script type=\"application\/ld+json\" class=\"yoast-schema-graph\">{\"@context\":\"https:\\\/\\\/schema.org\",\"@graph\":[{\"@type\":\"WebPage\",\"@id\":\"http:\\\/\\\/metalurgica2000.com.ar\\\/\",\"url\":\"http:\\\/\\\/metalurgica2000.com.ar\\\/\",\"name\":\"Inicio - Metal\u00fargica 2000\",\"isPartOf\":{\"@id\":\"http:\\\/\\\/metalurgica2000.com.ar\\\/#website\"},\"primaryImageOfPage\":{\"@id\":\"http:\\\/\\\/metalurgica2000.com.ar\\\/#primaryimage\"},\"image\":{\"@id\":\"http:\\\/\\\/metalurgica2000.com.ar\\\/#primaryimage\"},\"thumbnailUrl\":\"http:\\\/\\\/metalurgica2000.com.ar\\\/wordpress\\\/wp-content\\\/uploads\\\/2018\\\/11\\\/iluminacion.png\",\"datePublished\":\"2018-11-02T21:00:30+00:00\",\"dateModified\":\"2018-11-05T15:45:24+00:00\",\"breadcrumb\":{\"@id\":\"http:\\\/\\\/metalurgica2000.com.ar\\\/#breadcrumb\"},\"inLanguage\":\"es-AR\",\"potentialAction\":[{\"@type\":\"ReadAction\",\"target\":[\"http:\\\/\\\/metalurgica2000.com.ar\\\/\"]}]},{\"@type\":\"ImageObject\",\"inLanguage\":\"es-AR\",\"@id\":\"http:\\\/\\\/metalurgica2000.com.ar\\\/#primaryimage\",\"url\":\"http:\\\/\\\/metalurgica2000.com.ar\\\/wordpress\\\/wp-content\\\/uploads\\\/2018\\\/11\\\/iluminacion.png\",\"contentUrl\":\"http:\\\/\\\/metalurgica2000.com.ar\\\/wordpress\\\/wp-content\\\/uploads\\\/2018\\\/11\\\/iluminacion.png\"},{\"@type\":\"BreadcrumbList\",\"@id\":\"http:\\\/\\\/metalurgica2000.com.ar\\\/#breadcrumb\",\"itemListElement\":[{\"@type\":\"ListItem\",\"position\":1,\"name\":\"Inicio\",\"item\":\"http:\\\/\\\/metalurgica2000.com.ar\\\/\"},{\"@type\":\"ListItem\",\"position\":2,\"name\":\"Inicio\"}]},{\"@type\":\"WebSite\",\"@id\":\"http:\\\/\\\/metalurgica2000.com.ar\\\/#website\",\"url\":\"http:\\\/\\\/metalurgica2000.com.ar\\\/\",\"name\":\"Metal\u00fargica 2000\",\"description\":\"Industria de la fundici\u00f3n de Zamak\",\"publisher\":{\"@id\":\"http:\\\/\\\/metalurgica2000.com.ar\\\/#organization\"},\"potentialAction\":[{\"@type\":\"SearchAction\",\"target\":{\"@type\":\"EntryPoint\",\"urlTemplate\":\"http:\\\/\\\/metalurgica2000.com.ar\\\/?s={search_term_string}\"},\"query-input\":{\"@type\":\"PropertyValueSpecification\",\"valueRequired\":true,\"valueName\":\"search_term_string\"}}],\"inLanguage\":\"es-AR\"},{\"@type\":\"Organization\",\"@id\":\"http:\\\/\\\/metalurgica2000.com.ar\\\/#organization\",\"name\":\"Metal\u00fargica 2000\",\"url\":\"http:\\\/\\\/metalurgica2000.com.ar\\\/\",\"logo\":{\"@type\":\"ImageObject\",\"inLanguage\":\"es-AR\",\"@id\":\"http:\\\/\\\/metalurgica2000.com.ar\\\/#\\\/schema\\\/logo\\\/image\\\/\",\"url\":\"https:\\\/\\\/metalurgica2000.com.ar\\\/wp-content\\\/uploads\\\/2018\\\/11\\\/cropped-logo-1.png\",\"contentUrl\":\"https:\\\/\\\/metalurgica2000.com.ar\\\/wp-content\\\/uploads\\\/2018\\\/11\\\/cropped-logo-1.png\",\"width\":210,\"height\":107,\"caption\":\"Metal\u00fargica 2000\"},\"image\":{\"@id\":\"http:\\\/\\\/metalurgica2000.com.ar\\\/#\\\/schema\\\/logo\\\/image\\\/\"}}]}<\/script>\n<!-- \/ Yoast SEO plugin. -->","yoast_head_json":{"title":"Inicio - Metal\u00fargica 2000","robots":{"index":"index","follow":"follow","max-snippet":"max-snippet:-1","max-image-preview":"max-image-preview:large","max-video-preview":"max-video-preview:-1"},"canonical":"http:\/\/metalurgica2000.com.ar\/","og_locale":"es_ES","og_type":"article","og_title":"Inicio - Metal\u00fargica 2000","og_description":"Smart Slider with ID: 3 aleaciones industriales Zamac, en su industria El zamak es una aleaci\u00f3n de zinc con aluminio, magnesio y cobre. Tiene dureza, alta resistencia a la tracci\u00f3n, densidad 6,6 g\/cm\u00b3 y temperatura de fusi\u00f3n de 386 \u00b0C. El Zamac cada vez se usa m\u00e1s en todas las industrias, desde carcasas para motores,Read More","og_url":"http:\/\/metalurgica2000.com.ar\/","og_site_name":"Metal\u00fargica 2000","article_modified_time":"2018-11-05T15:45:24+00:00","og_image":[{"url":"http:\/\/metalurgica2000.com.ar\/wordpress\/wp-content\/uploads\/2018\/11\/iluminacion.png","type":"","width":"","height":""}],"twitter_card":"summary_large_image","twitter_misc":{"Tiempo de lectura":"1 minuto"},"schema":{"@context":"https:\/\/schema.org","@graph":[{"@type":"WebPage","@id":"http:\/\/metalurgica2000.com.ar\/","url":"http:\/\/metalurgica2000.com.ar\/","name":"Inicio - Metal\u00fargica 2000","isPartOf":{"@id":"http:\/\/metalurgica2000.com.ar\/#website"},"primaryImageOfPage":{"@id":"http:\/\/metalurgica2000.com.ar\/#primaryimage"},"image":{"@id":"http:\/\/metalurgica2000.com.ar\/#primaryimage"},"thumbnailUrl":"http:\/\/metalurgica2000.com.ar\/wordpress\/wp-content\/uploads\/2018\/11\/iluminacion.png","datePublished":"2018-11-02T21:00:30+00:00","dateModified":"2018-11-05T15:45:24+00:00","breadcrumb":{"@id":"http:\/\/metalurgica2000.com.ar\/#breadcrumb"},"inLanguage":"es-AR","potentialAction":[{"@type":"ReadAction","target":["http:\/\/metalurgica2000.com.ar\/"]}]},{"@type":"ImageObject","inLanguage":"es-AR","@id":"http:\/\/metalurgica2000.com.ar\/#primaryimage","url":"http:\/\/metalurgica2000.com.ar\/wordpress\/wp-content\/uploads\/2018\/11\/iluminacion.png","contentUrl":"http:\/\/metalurgica2000.com.ar\/wordpress\/wp-content\/uploads\/2018\/11\/iluminacion.png"},{"@type":"BreadcrumbList","@id":"http:\/\/metalurgica2000.com.ar\/#breadcrumb","itemListElement":[{"@type":"ListItem","position":1,"name":"Inicio","item":"http:\/\/metalurgica2000.com.ar\/"},{"@type":"ListItem","position":2,"name":"Inicio"}]},{"@type":"WebSite","@id":"http:\/\/metalurgica2000.com.ar\/#website","url":"http:\/\/metalurgica2000.com.ar\/","name":"Metal\u00fargica 2000","description":"Industria de la fundici\u00f3n de Zamak","publisher":{"@id":"http:\/\/metalurgica2000.com.ar\/#organization"},"potentialAction":[{"@type":"SearchAction","target":{"@type":"EntryPoint","urlTemplate":"http:\/\/metalurgica2000.com.ar\/?s={search_term_string}"},"query-input":{"@type":"PropertyValueSpecification","valueRequired":true,"valueName":"search_term_string"}}],"inLanguage":"es-AR"},{"@type":"Organization","@id":"http:\/\/metalurgica2000.com.ar\/#organization","name":"Metal\u00fargica 2000","url":"http:\/\/metalurgica2000.com.ar\/","logo":{"@type":"ImageObject","inLanguage":"es-AR","@id":"http:\/\/metalurgica2000.com.ar\/#\/schema\/logo\/image\/","url":"https:\/\/metalurgica2000.com.ar\/wp-content\/uploads\/2018\/11\/cropped-logo-1.png","contentUrl":"https:\/\/metalurgica2000.com.ar\/wp-content\/uploads\/2018\/11\/cropped-logo-1.png","width":210,"height":107,"caption":"Metal\u00fargica 2000"},"image":{"@id":"http:\/\/metalurgica2000.com.ar\/#\/schema\/logo\/image\/"}}]}},"_links":{"self":[{"href":"https:\/\/metalurgica2000.com.ar\/index.php\/wp-json\/wp\/v2\/pages\/30","targetHints":{"allow":["GET"]}}],"collection":[{"href":"https:\/\/metalurgica2000.com.ar\/index.php\/wp-json\/wp\/v2\/pages"}],"about":[{"href":"https:\/\/metalurgica2000.com.ar\/index.php\/wp-json\/wp\/v2\/types\/page"}],"author":[{"embeddable":true,"href":"https:\/\/metalurgica2000.com.ar\/index.php\/wp-json\/wp\/v2\/users\/1"}],"replies":[{"embeddable":true,"href":"https:\/\/metalurgica2000.com.ar\/index.php\/wp-json\/wp\/v2\/comments?post=30"}],"version-history":[{"count":30,"href":"https:\/\/metalurgica2000.com.ar\/index.php\/wp-json\/wp\/v2\/pages\/30\/revisions"}],"predecessor-version":[{"id":153,"href":"https:\/\/metalurgica2000.com.ar\/index.php\/wp-json\/wp\/v2\/pages\/30\/revisions\/153"}],"wp:attachment":[{"href":"https:\/\/metalurgica2000.com.ar\/index.php\/wp-json\/wp\/v2\/media?parent=30"}],"curies":[{"name":"wp","href":"https:\/\/api.w.org\/{rel}","templated":true}]}}