{"id":15,"date":"2018-11-02T20:42:17","date_gmt":"2018-11-02T23:42:17","guid":{"rendered":"http:\/\/metalurgica2000.com.ar\/wordpress\/?page_id=15"},"modified":"2018-11-06T17:26:43","modified_gmt":"2018-11-06T20:26:43","slug":"nuestra-empresa","status":"publish","type":"page","link":"https:\/\/metalurgica2000.com.ar\/index.php\/nuestra-empresa\/","title":{"rendered":"Nuestra Empresa"},"content":{"rendered":"\t\t<div data-elementor-type=\"wp-post\" data-elementor-id=\"15\" class=\"elementor elementor-15 elementor-bc-flex-widget\">\n\t\t\t\t\t\t<section class=\"elementor-section elementor-top-section elementor-element elementor-element-b22975e elementor-section-boxed elementor-section-height-default elementor-section-height-default\" data-id=\"b22975e\" data-element_type=\"section\" data-e-type=\"section\">\n\t\t\t\t\t\t<div class=\"elementor-container elementor-column-gap-default\">\n\t\t\t\t\t<div class=\"elementor-column elementor-col-100 elementor-top-column elementor-element elementor-element-accb510\" data-id=\"accb510\" data-element_type=\"column\" data-e-type=\"column\">\n\t\t\t<div class=\"elementor-widget-wrap elementor-element-populated\">\n\t\t\t\t\t\t<div class=\"elementor-element elementor-element-88b5f0a elementor-widget elementor-widget-image\" data-id=\"88b5f0a\" data-element_type=\"widget\" data-e-type=\"widget\" data-widget_type=\"image.default\">\n\t\t\t\t<div class=\"elementor-widget-container\">\n\t\t\t\t\t\t\t\t\t\t\t\t\t\t\t<img fetchpriority=\"high\" decoding=\"async\" width=\"696\" height=\"392\" src=\"http:\/\/metalurgica2000.com.ar\/wp-content\/uploads\/2018\/11\/frente.jpg\" class=\"attachment-large size-large wp-image-202\" alt=\"Frente de planta Metal\u00fargica 2000\" srcset=\"http:\/\/metalurgica2000.com.ar\/wp-content\/uploads\/2018\/11\/frente.jpg 700w, http:\/\/metalurgica2000.com.ar\/wp-content\/uploads\/2018\/11\/frente-300x169.jpg 300w\" sizes=\"(max-width: 696px) 100vw, 696px\" \/>\t\t\t\t\t\t\t\t\t\t\t\t\t\t\t<\/div>\n\t\t\t\t<\/div>\n\t\t\t\t\t<\/div>\n\t\t<\/div>\n\t\t\t\t\t<\/div>\n\t\t<\/section>\n\t\t\t\t<section class=\"elementor-section elementor-top-section elementor-element elementor-element-78ca5eb8 elementor-section-content-middle elementor-section-boxed elementor-section-height-default elementor-section-height-default\" data-id=\"78ca5eb8\" data-element_type=\"section\" data-e-type=\"section\">\n\t\t\t\t\t\t<div class=\"elementor-container elementor-column-gap-no\">\n\t\t\t\t\t<div class=\"elementor-column elementor-col-50 elementor-top-column elementor-element elementor-element-52777247\" data-id=\"52777247\" data-element_type=\"column\" data-e-type=\"column\">\n\t\t\t<div class=\"elementor-widget-wrap elementor-element-populated\">\n\t\t\t\t\t\t<div class=\"elementor-element elementor-element-6019f621 elementor-widget elementor-widget-text-editor\" data-id=\"6019f621\" data-element_type=\"widget\" data-e-type=\"widget\" data-widget_type=\"text-editor.default\">\n\t\t\t\t<div class=\"elementor-widget-container\">\n\t\t\t\t\t\t\t\t\t<p>Metalurgica 2000<\/p>\t\t\t\t\t\t\t\t<\/div>\n\t\t\t\t<\/div>\n\t\t\t\t<div class=\"elementor-element elementor-element-6f29e41b elementor-widget elementor-widget-heading\" data-id=\"6f29e41b\" data-element_type=\"widget\" data-e-type=\"widget\" data-widget_type=\"heading.default\">\n\t\t\t\t<div class=\"elementor-widget-container\">\n\t\t\t\t\t<h3 class=\"elementor-heading-title elementor-size-default\">Desde 1970 en la industria<\/h3>\t\t\t\t<\/div>\n\t\t\t\t<\/div>\n\t\t\t\t<div class=\"elementor-element elementor-element-1ac8645c elementor-widget elementor-widget-image\" data-id=\"1ac8645c\" data-element_type=\"widget\" data-e-type=\"widget\" data-widget_type=\"image.default\">\n\t\t\t\t<div class=\"elementor-widget-container\">\n\t\t\t\t\t\t\t\t\t\t\t\t\t\t\t<img decoding=\"async\" width=\"400\" height=\"558\" src=\"http:\/\/metalurgica2000.com.ar\/wp-content\/uploads\/2018\/11\/matricero.jpg\" class=\"elementor-animation-grow attachment-large size-large wp-image-207\" alt=\"Secci\u00f3n matricer\u00eda\" srcset=\"http:\/\/metalurgica2000.com.ar\/wp-content\/uploads\/2018\/11\/matricero.jpg 400w, http:\/\/metalurgica2000.com.ar\/wp-content\/uploads\/2018\/11\/matricero-215x300.jpg 215w\" sizes=\"(max-width: 400px) 100vw, 400px\" \/>\t\t\t\t\t\t\t\t\t\t\t\t\t\t\t<\/div>\n\t\t\t\t<\/div>\n\t\t\t\t\t<\/div>\n\t\t<\/div>\n\t\t\t\t<div class=\"elementor-column elementor-col-50 elementor-top-column elementor-element elementor-element-3b1aad44\" data-id=\"3b1aad44\" data-element_type=\"column\" data-e-type=\"column\">\n\t\t\t<div class=\"elementor-widget-wrap elementor-element-populated\">\n\t\t\t\t\t\t<div class=\"elementor-element elementor-element-b4bdaf elementor-widget elementor-widget-image\" data-id=\"b4bdaf\" data-element_type=\"widget\" data-e-type=\"widget\" data-widget_type=\"image.default\">\n\t\t\t\t<div class=\"elementor-widget-container\">\n\t\t\t\t\t\t\t\t\t\t\t\t\t\t\t<img decoding=\"async\" width=\"400\" height=\"597\" src=\"http:\/\/metalurgica2000.com.ar\/wp-content\/uploads\/2018\/11\/planta.jpg\" class=\"elementor-animation-grow attachment-large size-large wp-image-204\" alt=\"\" srcset=\"http:\/\/metalurgica2000.com.ar\/wp-content\/uploads\/2018\/11\/planta.jpg 400w, http:\/\/metalurgica2000.com.ar\/wp-content\/uploads\/2018\/11\/planta-201x300.jpg 201w\" sizes=\"(max-width: 400px) 100vw, 400px\" \/>\t\t\t\t\t\t\t\t\t\t\t\t\t\t\t<\/div>\n\t\t\t\t<\/div>\n\t\t\t\t<div class=\"elementor-element elementor-element-052b892 elementor-widget elementor-widget-heading\" data-id=\"052b892\" data-element_type=\"widget\" data-e-type=\"widget\" data-widget_type=\"heading.default\">\n\t\t\t\t<div class=\"elementor-widget-container\">\n\t\t\t\t\t<h2 class=\"elementor-heading-title elementor-size-default\">Proveedores de la industria automotriz<\/h2>\t\t\t\t<\/div>\n\t\t\t\t<\/div>\n\t\t\t\t<div class=\"elementor-element elementor-element-29da46f elementor-widget elementor-widget-text-editor\" data-id=\"29da46f\" data-element_type=\"widget\" data-e-type=\"widget\" data-widget_type=\"text-editor.default\">\n\t\t\t\t<div class=\"elementor-widget-container\">\n\t\t\t\t\t\t\t\t\t<p>Iniciamos las actividades en 1970 en la localidad de San Mart\u00edn como proveedores de las principales f\u00e1bricas autopartistas y de electrodom\u00e9sticos de entonces.<br>En 1984, nos establecemos en&nbsp; la localidad de Hurlingham, Buenos Aires.<\/p>\t\t\t\t\t\t\t\t<\/div>\n\t\t\t\t<\/div>\n\t\t\t\t\t<\/div>\n\t\t<\/div>\n\t\t\t\t\t<\/div>\n\t\t<\/section>\n\t\t\t\t<section class=\"elementor-section elementor-top-section elementor-element elementor-element-2c22c25 elementor-section-boxed elementor-section-height-default elementor-section-height-default\" data-id=\"2c22c25\" data-element_type=\"section\" data-e-type=\"section\">\n\t\t\t\t\t\t<div class=\"elementor-container elementor-column-gap-default\">\n\t\t\t\t\t<div class=\"elementor-column elementor-col-100 elementor-top-column elementor-element elementor-element-3a00593\" data-id=\"3a00593\" data-element_type=\"column\" data-e-type=\"column\">\n\t\t\t<div class=\"elementor-widget-wrap elementor-element-populated\">\n\t\t\t\t\t\t<div class=\"elementor-element elementor-element-c429107 elementor-widget elementor-widget-heading\" data-id=\"c429107\" data-element_type=\"widget\" data-e-type=\"widget\" data-widget_type=\"heading.default\">\n\t\t\t\t<div class=\"elementor-widget-container\">\n\t\t\t\t\t<h2 class=\"elementor-heading-title elementor-size-default\">Superaci\u00f3n constante<\/h2>\t\t\t\t<\/div>\n\t\t\t\t<\/div>\n\t\t\t\t<div class=\"elementor-element elementor-element-0c2d22b elementor-widget elementor-widget-text-editor\" data-id=\"0c2d22b\" data-element_type=\"widget\" data-e-type=\"widget\" data-widget_type=\"text-editor.default\">\n\t\t\t\t<div class=\"elementor-widget-container\">\n\t\t\t\t\t\t\t\t\t<p>En la actualidad contamos con 1200 m2 de superficie total entre inyecci\u00f3n, matricer\u00eda y dep\u00f3sito. Nuestras m\u00e1quinas fundidoras son de \u00faltima generaci\u00f3n y trabajamos bajo normas internacionales. Contamos con 22 operarios de distinto nivel repartidos en las secciones de matricer\u00eda, fundici\u00f3n y acabado.\u00a0<\/p><p>\u00a0<\/p>\t\t\t\t\t\t\t\t<\/div>\n\t\t\t\t<\/div>\n\t\t\t\t<div class=\"elementor-element elementor-element-052558d elementor-widget elementor-widget-heading\" data-id=\"052558d\" data-element_type=\"widget\" data-e-type=\"widget\" data-widget_type=\"heading.default\">\n\t\t\t\t<div class=\"elementor-widget-container\">\n\t\t\t\t\t<h2 class=\"elementor-heading-title elementor-size-default\">Una visi\u00f3n superadora<\/h2>\t\t\t\t<\/div>\n\t\t\t\t<\/div>\n\t\t\t\t<div class=\"elementor-element elementor-element-818a9f1 elementor-widget elementor-widget-text-editor\" data-id=\"818a9f1\" data-element_type=\"widget\" data-e-type=\"widget\" data-widget_type=\"text-editor.default\">\n\t\t\t\t<div class=\"elementor-widget-container\">\n\t\t\t\t\t\t\t\t\t<p>En METALURGICA 2000 trabajamos diariamente aceptando los desaf\u00edos de un mercado cada vez m\u00e1s competitivo con el objetivo de ser la mejor alternativa para nuestros clientes.<\/p>\t\t\t\t\t\t\t\t<\/div>\n\t\t\t\t<\/div>\n\t\t\t\t\t<\/div>\n\t\t<\/div>\n\t\t\t\t\t<\/div>\n\t\t<\/section>\n\t\t\t\t<\/div>\n\t\t","protected":false},"excerpt":{"rendered":"<p>Metalurgica 2000 Desde 1970 en la industria Proveedores de la industria automotriz Iniciamos las actividades en 1970 en la localidad de San Mart\u00edn como proveedores de las principales f\u00e1bricas autopartistas y de electrodom\u00e9sticos de entonces.En 1984, nos establecemos en&nbsp; la localidad de Hurlingham, Buenos Aires. Superaci\u00f3n constante En la actualidad contamos con 1200 m2 de<\/p><\/div>\n<div class=\"blog-btn\"><a href=\"https:\/\/metalurgica2000.com.ar\/index.php\/nuestra-empresa\/\" class=\"home-blog-btn\">Read More<\/a><\/p>\n","protected":false},"author":1,"featured_media":0,"parent":0,"menu_order":0,"comment_status":"closed","ping_status":"closed","template":"","meta":{"footnotes":""},"class_list":["post-15","page","type-page","status-publish","hentry"],"yoast_head":"<!-- This site is optimized with the Yoast SEO plugin v27.5 - https:\/\/yoast.com\/product\/yoast-seo-wordpress\/ -->\n<title>Nuestra Empresa - Metal\u00fargica 2000<\/title>\n<meta name=\"robots\" content=\"index, follow, max-snippet:-1, max-image-preview:large, max-video-preview:-1\" \/>\n<link rel=\"canonical\" href=\"http:\/\/metalurgica2000.com.ar\/index.php\/nuestra-empresa\/\" \/>\n<meta property=\"og:locale\" content=\"es_ES\" \/>\n<meta property=\"og:type\" content=\"article\" \/>\n<meta property=\"og:title\" content=\"Nuestra Empresa - Metal\u00fargica 2000\" \/>\n<meta property=\"og:description\" content=\"Metalurgica 2000 Desde 1970 en la industria Proveedores de la industria automotriz Iniciamos las actividades en 1970 en la localidad de San Mart\u00edn como proveedores de las principales f\u00e1bricas autopartistas y de electrodom\u00e9sticos de entonces.En 1984, nos establecemos en&nbsp; la localidad de Hurlingham, Buenos Aires. Superaci\u00f3n constante En la actualidad contamos con 1200 m2 deRead More\" \/>\n<meta property=\"og:url\" content=\"http:\/\/metalurgica2000.com.ar\/index.php\/nuestra-empresa\/\" \/>\n<meta property=\"og:site_name\" content=\"Metal\u00fargica 2000\" \/>\n<meta property=\"article:modified_time\" content=\"2018-11-06T20:26:43+00:00\" \/>\n<meta property=\"og:image\" content=\"http:\/\/metalurgica2000.com.ar\/wordpress\/wp-content\/uploads\/2018\/11\/frente.jpg\" \/>\n<meta name=\"twitter:card\" content=\"summary_large_image\" \/>\n<meta name=\"twitter:label1\" content=\"Tiempo de lectura\" \/>\n\t<meta name=\"twitter:data1\" content=\"1 minuto\" \/>\n<script type=\"application\/ld+json\" class=\"yoast-schema-graph\">{\"@context\":\"https:\\\/\\\/schema.org\",\"@graph\":[{\"@type\":\"WebPage\",\"@id\":\"http:\\\/\\\/metalurgica2000.com.ar\\\/index.php\\\/nuestra-empresa\\\/\",\"url\":\"http:\\\/\\\/metalurgica2000.com.ar\\\/index.php\\\/nuestra-empresa\\\/\",\"name\":\"Nuestra Empresa - Metal\u00fargica 2000\",\"isPartOf\":{\"@id\":\"http:\\\/\\\/metalurgica2000.com.ar\\\/#website\"},\"primaryImageOfPage\":{\"@id\":\"http:\\\/\\\/metalurgica2000.com.ar\\\/index.php\\\/nuestra-empresa\\\/#primaryimage\"},\"image\":{\"@id\":\"http:\\\/\\\/metalurgica2000.com.ar\\\/index.php\\\/nuestra-empresa\\\/#primaryimage\"},\"thumbnailUrl\":\"http:\\\/\\\/metalurgica2000.com.ar\\\/wordpress\\\/wp-content\\\/uploads\\\/2018\\\/11\\\/frente.jpg\",\"datePublished\":\"2018-11-02T23:42:17+00:00\",\"dateModified\":\"2018-11-06T20:26:43+00:00\",\"breadcrumb\":{\"@id\":\"http:\\\/\\\/metalurgica2000.com.ar\\\/index.php\\\/nuestra-empresa\\\/#breadcrumb\"},\"inLanguage\":\"es-AR\",\"potentialAction\":[{\"@type\":\"ReadAction\",\"target\":[\"http:\\\/\\\/metalurgica2000.com.ar\\\/index.php\\\/nuestra-empresa\\\/\"]}]},{\"@type\":\"ImageObject\",\"inLanguage\":\"es-AR\",\"@id\":\"http:\\\/\\\/metalurgica2000.com.ar\\\/index.php\\\/nuestra-empresa\\\/#primaryimage\",\"url\":\"http:\\\/\\\/metalurgica2000.com.ar\\\/wordpress\\\/wp-content\\\/uploads\\\/2018\\\/11\\\/frente.jpg\",\"contentUrl\":\"http:\\\/\\\/metalurgica2000.com.ar\\\/wordpress\\\/wp-content\\\/uploads\\\/2018\\\/11\\\/frente.jpg\"},{\"@type\":\"BreadcrumbList\",\"@id\":\"http:\\\/\\\/metalurgica2000.com.ar\\\/index.php\\\/nuestra-empresa\\\/#breadcrumb\",\"itemListElement\":[{\"@type\":\"ListItem\",\"position\":1,\"name\":\"Inicio\",\"item\":\"http:\\\/\\\/metalurgica2000.com.ar\\\/\"},{\"@type\":\"ListItem\",\"position\":2,\"name\":\"Nuestra Empresa\"}]},{\"@type\":\"WebSite\",\"@id\":\"http:\\\/\\\/metalurgica2000.com.ar\\\/#website\",\"url\":\"http:\\\/\\\/metalurgica2000.com.ar\\\/\",\"name\":\"Metal\u00fargica 2000\",\"description\":\"Industria de la fundici\u00f3n de Zamak\",\"publisher\":{\"@id\":\"http:\\\/\\\/metalurgica2000.com.ar\\\/#organization\"},\"potentialAction\":[{\"@type\":\"SearchAction\",\"target\":{\"@type\":\"EntryPoint\",\"urlTemplate\":\"http:\\\/\\\/metalurgica2000.com.ar\\\/?s={search_term_string}\"},\"query-input\":{\"@type\":\"PropertyValueSpecification\",\"valueRequired\":true,\"valueName\":\"search_term_string\"}}],\"inLanguage\":\"es-AR\"},{\"@type\":\"Organization\",\"@id\":\"http:\\\/\\\/metalurgica2000.com.ar\\\/#organization\",\"name\":\"Metal\u00fargica 2000\",\"url\":\"http:\\\/\\\/metalurgica2000.com.ar\\\/\",\"logo\":{\"@type\":\"ImageObject\",\"inLanguage\":\"es-AR\",\"@id\":\"http:\\\/\\\/metalurgica2000.com.ar\\\/#\\\/schema\\\/logo\\\/image\\\/\",\"url\":\"https:\\\/\\\/metalurgica2000.com.ar\\\/wp-content\\\/uploads\\\/2018\\\/11\\\/cropped-logo-1.png\",\"contentUrl\":\"https:\\\/\\\/metalurgica2000.com.ar\\\/wp-content\\\/uploads\\\/2018\\\/11\\\/cropped-logo-1.png\",\"width\":210,\"height\":107,\"caption\":\"Metal\u00fargica 2000\"},\"image\":{\"@id\":\"http:\\\/\\\/metalurgica2000.com.ar\\\/#\\\/schema\\\/logo\\\/image\\\/\"}}]}<\/script>\n<!-- \/ Yoast SEO plugin. -->","yoast_head_json":{"title":"Nuestra Empresa - Metal\u00fargica 2000","robots":{"index":"index","follow":"follow","max-snippet":"max-snippet:-1","max-image-preview":"max-image-preview:large","max-video-preview":"max-video-preview:-1"},"canonical":"http:\/\/metalurgica2000.com.ar\/index.php\/nuestra-empresa\/","og_locale":"es_ES","og_type":"article","og_title":"Nuestra Empresa - Metal\u00fargica 2000","og_description":"Metalurgica 2000 Desde 1970 en la industria Proveedores de la industria automotriz Iniciamos las actividades en 1970 en la localidad de San Mart\u00edn como proveedores de las principales f\u00e1bricas autopartistas y de electrodom\u00e9sticos de entonces.En 1984, nos establecemos en&nbsp; la localidad de Hurlingham, Buenos Aires. Superaci\u00f3n constante En la actualidad contamos con 1200 m2 deRead More","og_url":"http:\/\/metalurgica2000.com.ar\/index.php\/nuestra-empresa\/","og_site_name":"Metal\u00fargica 2000","article_modified_time":"2018-11-06T20:26:43+00:00","og_image":[{"url":"http:\/\/metalurgica2000.com.ar\/wordpress\/wp-content\/uploads\/2018\/11\/frente.jpg","type":"","width":"","height":""}],"twitter_card":"summary_large_image","twitter_misc":{"Tiempo de lectura":"1 minuto"},"schema":{"@context":"https:\/\/schema.org","@graph":[{"@type":"WebPage","@id":"http:\/\/metalurgica2000.com.ar\/index.php\/nuestra-empresa\/","url":"http:\/\/metalurgica2000.com.ar\/index.php\/nuestra-empresa\/","name":"Nuestra Empresa - Metal\u00fargica 2000","isPartOf":{"@id":"http:\/\/metalurgica2000.com.ar\/#website"},"primaryImageOfPage":{"@id":"http:\/\/metalurgica2000.com.ar\/index.php\/nuestra-empresa\/#primaryimage"},"image":{"@id":"http:\/\/metalurgica2000.com.ar\/index.php\/nuestra-empresa\/#primaryimage"},"thumbnailUrl":"http:\/\/metalurgica2000.com.ar\/wordpress\/wp-content\/uploads\/2018\/11\/frente.jpg","datePublished":"2018-11-02T23:42:17+00:00","dateModified":"2018-11-06T20:26:43+00:00","breadcrumb":{"@id":"http:\/\/metalurgica2000.com.ar\/index.php\/nuestra-empresa\/#breadcrumb"},"inLanguage":"es-AR","potentialAction":[{"@type":"ReadAction","target":["http:\/\/metalurgica2000.com.ar\/index.php\/nuestra-empresa\/"]}]},{"@type":"ImageObject","inLanguage":"es-AR","@id":"http:\/\/metalurgica2000.com.ar\/index.php\/nuestra-empresa\/#primaryimage","url":"http:\/\/metalurgica2000.com.ar\/wordpress\/wp-content\/uploads\/2018\/11\/frente.jpg","contentUrl":"http:\/\/metalurgica2000.com.ar\/wordpress\/wp-content\/uploads\/2018\/11\/frente.jpg"},{"@type":"BreadcrumbList","@id":"http:\/\/metalurgica2000.com.ar\/index.php\/nuestra-empresa\/#breadcrumb","itemListElement":[{"@type":"ListItem","position":1,"name":"Inicio","item":"http:\/\/metalurgica2000.com.ar\/"},{"@type":"ListItem","position":2,"name":"Nuestra Empresa"}]},{"@type":"WebSite","@id":"http:\/\/metalurgica2000.com.ar\/#website","url":"http:\/\/metalurgica2000.com.ar\/","name":"Metal\u00fargica 2000","description":"Industria de la fundici\u00f3n de Zamak","publisher":{"@id":"http:\/\/metalurgica2000.com.ar\/#organization"},"potentialAction":[{"@type":"SearchAction","target":{"@type":"EntryPoint","urlTemplate":"http:\/\/metalurgica2000.com.ar\/?s={search_term_string}"},"query-input":{"@type":"PropertyValueSpecification","valueRequired":true,"valueName":"search_term_string"}}],"inLanguage":"es-AR"},{"@type":"Organization","@id":"http:\/\/metalurgica2000.com.ar\/#organization","name":"Metal\u00fargica 2000","url":"http:\/\/metalurgica2000.com.ar\/","logo":{"@type":"ImageObject","inLanguage":"es-AR","@id":"http:\/\/metalurgica2000.com.ar\/#\/schema\/logo\/image\/","url":"https:\/\/metalurgica2000.com.ar\/wp-content\/uploads\/2018\/11\/cropped-logo-1.png","contentUrl":"https:\/\/metalurgica2000.com.ar\/wp-content\/uploads\/2018\/11\/cropped-logo-1.png","width":210,"height":107,"caption":"Metal\u00fargica 2000"},"image":{"@id":"http:\/\/metalurgica2000.com.ar\/#\/schema\/logo\/image\/"}}]}},"_links":{"self":[{"href":"https:\/\/metalurgica2000.com.ar\/index.php\/wp-json\/wp\/v2\/pages\/15","targetHints":{"allow":["GET"]}}],"collection":[{"href":"https:\/\/metalurgica2000.com.ar\/index.php\/wp-json\/wp\/v2\/pages"}],"about":[{"href":"https:\/\/metalurgica2000.com.ar\/index.php\/wp-json\/wp\/v2\/types\/page"}],"author":[{"embeddable":true,"href":"https:\/\/metalurgica2000.com.ar\/index.php\/wp-json\/wp\/v2\/users\/1"}],"replies":[{"embeddable":true,"href":"https:\/\/metalurgica2000.com.ar\/index.php\/wp-json\/wp\/v2\/comments?post=15"}],"version-history":[{"count":6,"href":"https:\/\/metalurgica2000.com.ar\/index.php\/wp-json\/wp\/v2\/pages\/15\/revisions"}],"predecessor-version":[{"id":209,"href":"https:\/\/metalurgica2000.com.ar\/index.php\/wp-json\/wp\/v2\/pages\/15\/revisions\/209"}],"wp:attachment":[{"href":"https:\/\/metalurgica2000.com.ar\/index.php\/wp-json\/wp\/v2\/media?parent=15"}],"curies":[{"name":"wp","href":"https:\/\/api.w.org\/{rel}","templated":true}]}}