{"id":13,"date":"2018-11-02T20:42:01","date_gmt":"2018-11-02T20:42:01","guid":{"rendered":"http:\/\/metalurgica2000.com.ar\/wordpress\/?page_id=13"},"modified":"2018-11-08T19:45:07","modified_gmt":"2018-11-08T22:45:07","slug":"desarrollos","status":"publish","type":"page","link":"https:\/\/metalurgica2000.com.ar\/index.php\/desarrollos\/","title":{"rendered":"Desarrollos"},"content":{"rendered":"\t\t<div data-elementor-type=\"wp-post\" data-elementor-id=\"13\" class=\"elementor elementor-13 elementor-bc-flex-widget\">\n\t\t\t\t\t\t<section class=\"elementor-section elementor-top-section elementor-element elementor-element-449e3ea elementor-section-content-middle elementor-section-boxed elementor-section-height-default elementor-section-height-default\" data-id=\"449e3ea\" data-element_type=\"section\" data-e-type=\"section\">\n\t\t\t\t\t\t<div class=\"elementor-container elementor-column-gap-no\">\n\t\t\t\t\t<div class=\"elementor-column elementor-col-50 elementor-top-column elementor-element elementor-element-2f57a842\" data-id=\"2f57a842\" data-element_type=\"column\" data-e-type=\"column\">\n\t\t\t<div class=\"elementor-widget-wrap elementor-element-populated\">\n\t\t\t\t\t\t<div class=\"elementor-element elementor-element-2669298d elementor-widget elementor-widget-image\" data-id=\"2669298d\" data-element_type=\"widget\" data-e-type=\"widget\" data-widget_type=\"image.default\">\n\t\t\t\t<div class=\"elementor-widget-container\">\n\t\t\t\t\t\t\t\t\t\t\t\t\t\t\t<img fetchpriority=\"high\" decoding=\"async\" width=\"400\" height=\"532\" src=\"https:\/\/metalurgica2000.com.ar\/wp-content\/uploads\/2018\/11\/mecanizado.jpg\" class=\"elementor-animation-grow attachment-large size-large wp-image-220\" alt=\"mecanizado\" srcset=\"https:\/\/metalurgica2000.com.ar\/wp-content\/uploads\/2018\/11\/mecanizado.jpg 400w, https:\/\/metalurgica2000.com.ar\/wp-content\/uploads\/2018\/11\/mecanizado-226x300.jpg 226w\" sizes=\"(max-width: 400px) 100vw, 400px\" \/>\t\t\t\t\t\t\t\t\t\t\t\t\t\t\t<\/div>\n\t\t\t\t<\/div>\n\t\t\t\t<div class=\"elementor-element elementor-element-3d200e67 elementor-widget elementor-widget-text-editor\" data-id=\"3d200e67\" data-element_type=\"widget\" data-e-type=\"widget\" data-widget_type=\"text-editor.default\">\n\t\t\t\t<div class=\"elementor-widget-container\">\n\t\t\t\t\t\t\t\t\t<p>Desarrollamos las piezas que requiera el cliente, en nuestro propio taller, realizando las pruebas necesarias para lograr el mejor producto posible.<\/p>\t\t\t\t\t\t\t\t<\/div>\n\t\t\t\t<\/div>\n\t\t\t\t\t<\/div>\n\t\t<\/div>\n\t\t\t\t<div class=\"elementor-column elementor-col-50 elementor-top-column elementor-element elementor-element-3139af5c\" data-id=\"3139af5c\" data-element_type=\"column\" data-e-type=\"column\">\n\t\t\t<div class=\"elementor-widget-wrap elementor-element-populated\">\n\t\t\t\t\t\t<div class=\"elementor-element elementor-element-65455bd elementor-widget elementor-widget-text-editor\" data-id=\"65455bd\" data-element_type=\"widget\" data-e-type=\"widget\" data-widget_type=\"text-editor.default\">\n\t\t\t\t<div class=\"elementor-widget-container\">\n\t\t\t\t\t\t\t\t\t<p>Una pieza defectuosa no se ve a simple vista sino que solo el uso determina si estuvo bien desarrollada. Muchas veces es el ojo experto el que sugiere algunos cambios para mejorar el rendimiento en el uso y la producci\u00f3n en planta.<\/p>\t\t\t\t\t\t\t\t<\/div>\n\t\t\t\t<\/div>\n\t\t\t\t<div class=\"elementor-element elementor-element-3951df1a elementor-widget elementor-widget-image\" data-id=\"3951df1a\" data-element_type=\"widget\" data-e-type=\"widget\" data-widget_type=\"image.default\">\n\t\t\t\t<div class=\"elementor-widget-container\">\n\t\t\t\t\t\t\t\t\t\t\t\t\t\t\t<img decoding=\"async\" width=\"300\" height=\"450\" src=\"https:\/\/metalurgica2000.com.ar\/wp-content\/uploads\/2018\/11\/zamak.jpg\" class=\"elementor-animation-grow attachment-full size-full wp-image-203\" alt=\"Piezas de zamak\" srcset=\"https:\/\/metalurgica2000.com.ar\/wp-content\/uploads\/2018\/11\/zamak.jpg 300w, https:\/\/metalurgica2000.com.ar\/wp-content\/uploads\/2018\/11\/zamak-200x300.jpg 200w\" sizes=\"(max-width: 300px) 100vw, 300px\" \/>\t\t\t\t\t\t\t\t\t\t\t\t\t\t\t<\/div>\n\t\t\t\t<\/div>\n\t\t\t\t\t<\/div>\n\t\t<\/div>\n\t\t\t\t\t<\/div>\n\t\t<\/section>\n\t\t\t\t<section class=\"elementor-section elementor-top-section elementor-element elementor-element-3da5571 elementor-section-boxed elementor-section-height-default elementor-section-height-default\" data-id=\"3da5571\" data-element_type=\"section\" data-e-type=\"section\">\n\t\t\t\t\t\t<div class=\"elementor-container elementor-column-gap-default\">\n\t\t\t\t\t<div class=\"elementor-column elementor-col-100 elementor-top-column elementor-element elementor-element-eb74699\" data-id=\"eb74699\" data-element_type=\"column\" data-e-type=\"column\">\n\t\t\t<div class=\"elementor-widget-wrap elementor-element-populated\">\n\t\t\t\t\t\t<div class=\"elementor-element elementor-element-1063802 elementor-widget elementor-widget-text-editor\" data-id=\"1063802\" data-element_type=\"widget\" data-e-type=\"widget\" data-widget_type=\"text-editor.default\">\n\t\t\t\t<div class=\"elementor-widget-container\">\n\t\t\t\t\t\t\t\t\t<p>Adem\u00e1s de la vasta experiencia en el rubro, contamos con la tecnolog\u00eda necesaria para realizar la matricer\u00eda y los ajustes que sean necesarios antes de comenzar la producci\u00f3n.<\/p><p>Los controles peri\u00f3dicos garantizan la uniformidad y estandar de calidad de cada pieza.<\/p>\t\t\t\t\t\t\t\t<\/div>\n\t\t\t\t<\/div>\n\t\t\t\t\t<\/div>\n\t\t<\/div>\n\t\t\t\t\t<\/div>\n\t\t<\/section>\n\t\t\t\t<\/div>\n\t\t","protected":false},"excerpt":{"rendered":"<p>Desarrollamos las piezas que requiera el cliente, en nuestro propio taller, realizando las pruebas necesarias para lograr el mejor producto posible. Una pieza defectuosa no se ve a simple vista sino que solo el uso determina si estuvo bien desarrollada. Muchas veces es el ojo experto el que sugiere algunos cambios para mejorar el rendimiento<\/p><\/div>\n<div class=\"blog-btn\"><a href=\"https:\/\/metalurgica2000.com.ar\/index.php\/desarrollos\/\" class=\"home-blog-btn\">Read More<\/a><\/p>\n","protected":false},"author":1,"featured_media":0,"parent":0,"menu_order":0,"comment_status":"closed","ping_status":"closed","template":"","meta":{"footnotes":""},"class_list":["post-13","page","type-page","status-publish","hentry"],"yoast_head":"<!-- This site is optimized with the Yoast SEO plugin v27.5 - https:\/\/yoast.com\/product\/yoast-seo-wordpress\/ -->\n<title>Desarrollos - Metal\u00fargica 2000<\/title>\n<meta name=\"robots\" content=\"index, follow, max-snippet:-1, max-image-preview:large, max-video-preview:-1\" \/>\n<link rel=\"canonical\" href=\"http:\/\/metalurgica2000.com.ar\/index.php\/desarrollos\/\" \/>\n<meta property=\"og:locale\" content=\"es_ES\" \/>\n<meta property=\"og:type\" content=\"article\" \/>\n<meta property=\"og:title\" content=\"Desarrollos - Metal\u00fargica 2000\" \/>\n<meta property=\"og:description\" content=\"Desarrollamos las piezas que requiera el cliente, en nuestro propio taller, realizando las pruebas necesarias para lograr el mejor producto posible. Una pieza defectuosa no se ve a simple vista sino que solo el uso determina si estuvo bien desarrollada. Muchas veces es el ojo experto el que sugiere algunos cambios para mejorar el rendimientoRead More\" \/>\n<meta property=\"og:url\" content=\"http:\/\/metalurgica2000.com.ar\/index.php\/desarrollos\/\" \/>\n<meta property=\"og:site_name\" content=\"Metal\u00fargica 2000\" \/>\n<meta property=\"article:modified_time\" content=\"2018-11-08T22:45:07+00:00\" \/>\n<meta property=\"og:image\" content=\"http:\/\/metalurgica2000.com.ar\/wordpress\/wp-content\/uploads\/2018\/11\/mecanizado.jpg\" \/>\n<meta name=\"twitter:card\" content=\"summary_large_image\" \/>\n<meta name=\"twitter:label1\" content=\"Tiempo de lectura\" \/>\n\t<meta name=\"twitter:data1\" content=\"1 minuto\" \/>\n<script type=\"application\/ld+json\" class=\"yoast-schema-graph\">{\"@context\":\"https:\\\/\\\/schema.org\",\"@graph\":[{\"@type\":\"WebPage\",\"@id\":\"http:\\\/\\\/metalurgica2000.com.ar\\\/index.php\\\/desarrollos\\\/\",\"url\":\"http:\\\/\\\/metalurgica2000.com.ar\\\/index.php\\\/desarrollos\\\/\",\"name\":\"Desarrollos - Metal\u00fargica 2000\",\"isPartOf\":{\"@id\":\"http:\\\/\\\/metalurgica2000.com.ar\\\/#website\"},\"primaryImageOfPage\":{\"@id\":\"http:\\\/\\\/metalurgica2000.com.ar\\\/index.php\\\/desarrollos\\\/#primaryimage\"},\"image\":{\"@id\":\"http:\\\/\\\/metalurgica2000.com.ar\\\/index.php\\\/desarrollos\\\/#primaryimage\"},\"thumbnailUrl\":\"http:\\\/\\\/metalurgica2000.com.ar\\\/wordpress\\\/wp-content\\\/uploads\\\/2018\\\/11\\\/mecanizado.jpg\",\"datePublished\":\"2018-11-02T20:42:01+00:00\",\"dateModified\":\"2018-11-08T22:45:07+00:00\",\"breadcrumb\":{\"@id\":\"http:\\\/\\\/metalurgica2000.com.ar\\\/index.php\\\/desarrollos\\\/#breadcrumb\"},\"inLanguage\":\"es-AR\",\"potentialAction\":[{\"@type\":\"ReadAction\",\"target\":[\"http:\\\/\\\/metalurgica2000.com.ar\\\/index.php\\\/desarrollos\\\/\"]}]},{\"@type\":\"ImageObject\",\"inLanguage\":\"es-AR\",\"@id\":\"http:\\\/\\\/metalurgica2000.com.ar\\\/index.php\\\/desarrollos\\\/#primaryimage\",\"url\":\"http:\\\/\\\/metalurgica2000.com.ar\\\/wordpress\\\/wp-content\\\/uploads\\\/2018\\\/11\\\/mecanizado.jpg\",\"contentUrl\":\"http:\\\/\\\/metalurgica2000.com.ar\\\/wordpress\\\/wp-content\\\/uploads\\\/2018\\\/11\\\/mecanizado.jpg\"},{\"@type\":\"BreadcrumbList\",\"@id\":\"http:\\\/\\\/metalurgica2000.com.ar\\\/index.php\\\/desarrollos\\\/#breadcrumb\",\"itemListElement\":[{\"@type\":\"ListItem\",\"position\":1,\"name\":\"Inicio\",\"item\":\"http:\\\/\\\/metalurgica2000.com.ar\\\/\"},{\"@type\":\"ListItem\",\"position\":2,\"name\":\"Desarrollos\"}]},{\"@type\":\"WebSite\",\"@id\":\"http:\\\/\\\/metalurgica2000.com.ar\\\/#website\",\"url\":\"http:\\\/\\\/metalurgica2000.com.ar\\\/\",\"name\":\"Metal\u00fargica 2000\",\"description\":\"Industria de la fundici\u00f3n de Zamak\",\"publisher\":{\"@id\":\"http:\\\/\\\/metalurgica2000.com.ar\\\/#organization\"},\"potentialAction\":[{\"@type\":\"SearchAction\",\"target\":{\"@type\":\"EntryPoint\",\"urlTemplate\":\"http:\\\/\\\/metalurgica2000.com.ar\\\/?s={search_term_string}\"},\"query-input\":{\"@type\":\"PropertyValueSpecification\",\"valueRequired\":true,\"valueName\":\"search_term_string\"}}],\"inLanguage\":\"es-AR\"},{\"@type\":\"Organization\",\"@id\":\"http:\\\/\\\/metalurgica2000.com.ar\\\/#organization\",\"name\":\"Metal\u00fargica 2000\",\"url\":\"http:\\\/\\\/metalurgica2000.com.ar\\\/\",\"logo\":{\"@type\":\"ImageObject\",\"inLanguage\":\"es-AR\",\"@id\":\"http:\\\/\\\/metalurgica2000.com.ar\\\/#\\\/schema\\\/logo\\\/image\\\/\",\"url\":\"https:\\\/\\\/metalurgica2000.com.ar\\\/wp-content\\\/uploads\\\/2018\\\/11\\\/cropped-logo-1.png\",\"contentUrl\":\"https:\\\/\\\/metalurgica2000.com.ar\\\/wp-content\\\/uploads\\\/2018\\\/11\\\/cropped-logo-1.png\",\"width\":210,\"height\":107,\"caption\":\"Metal\u00fargica 2000\"},\"image\":{\"@id\":\"http:\\\/\\\/metalurgica2000.com.ar\\\/#\\\/schema\\\/logo\\\/image\\\/\"}}]}<\/script>\n<!-- \/ Yoast SEO plugin. -->","yoast_head_json":{"title":"Desarrollos - Metal\u00fargica 2000","robots":{"index":"index","follow":"follow","max-snippet":"max-snippet:-1","max-image-preview":"max-image-preview:large","max-video-preview":"max-video-preview:-1"},"canonical":"http:\/\/metalurgica2000.com.ar\/index.php\/desarrollos\/","og_locale":"es_ES","og_type":"article","og_title":"Desarrollos - Metal\u00fargica 2000","og_description":"Desarrollamos las piezas que requiera el cliente, en nuestro propio taller, realizando las pruebas necesarias para lograr el mejor producto posible. Una pieza defectuosa no se ve a simple vista sino que solo el uso determina si estuvo bien desarrollada. Muchas veces es el ojo experto el que sugiere algunos cambios para mejorar el rendimientoRead More","og_url":"http:\/\/metalurgica2000.com.ar\/index.php\/desarrollos\/","og_site_name":"Metal\u00fargica 2000","article_modified_time":"2018-11-08T22:45:07+00:00","og_image":[{"url":"http:\/\/metalurgica2000.com.ar\/wordpress\/wp-content\/uploads\/2018\/11\/mecanizado.jpg","type":"","width":"","height":""}],"twitter_card":"summary_large_image","twitter_misc":{"Tiempo de lectura":"1 minuto"},"schema":{"@context":"https:\/\/schema.org","@graph":[{"@type":"WebPage","@id":"http:\/\/metalurgica2000.com.ar\/index.php\/desarrollos\/","url":"http:\/\/metalurgica2000.com.ar\/index.php\/desarrollos\/","name":"Desarrollos - Metal\u00fargica 2000","isPartOf":{"@id":"http:\/\/metalurgica2000.com.ar\/#website"},"primaryImageOfPage":{"@id":"http:\/\/metalurgica2000.com.ar\/index.php\/desarrollos\/#primaryimage"},"image":{"@id":"http:\/\/metalurgica2000.com.ar\/index.php\/desarrollos\/#primaryimage"},"thumbnailUrl":"http:\/\/metalurgica2000.com.ar\/wordpress\/wp-content\/uploads\/2018\/11\/mecanizado.jpg","datePublished":"2018-11-02T20:42:01+00:00","dateModified":"2018-11-08T22:45:07+00:00","breadcrumb":{"@id":"http:\/\/metalurgica2000.com.ar\/index.php\/desarrollos\/#breadcrumb"},"inLanguage":"es-AR","potentialAction":[{"@type":"ReadAction","target":["http:\/\/metalurgica2000.com.ar\/index.php\/desarrollos\/"]}]},{"@type":"ImageObject","inLanguage":"es-AR","@id":"http:\/\/metalurgica2000.com.ar\/index.php\/desarrollos\/#primaryimage","url":"http:\/\/metalurgica2000.com.ar\/wordpress\/wp-content\/uploads\/2018\/11\/mecanizado.jpg","contentUrl":"http:\/\/metalurgica2000.com.ar\/wordpress\/wp-content\/uploads\/2018\/11\/mecanizado.jpg"},{"@type":"BreadcrumbList","@id":"http:\/\/metalurgica2000.com.ar\/index.php\/desarrollos\/#breadcrumb","itemListElement":[{"@type":"ListItem","position":1,"name":"Inicio","item":"http:\/\/metalurgica2000.com.ar\/"},{"@type":"ListItem","position":2,"name":"Desarrollos"}]},{"@type":"WebSite","@id":"http:\/\/metalurgica2000.com.ar\/#website","url":"http:\/\/metalurgica2000.com.ar\/","name":"Metal\u00fargica 2000","description":"Industria de la fundici\u00f3n de Zamak","publisher":{"@id":"http:\/\/metalurgica2000.com.ar\/#organization"},"potentialAction":[{"@type":"SearchAction","target":{"@type":"EntryPoint","urlTemplate":"http:\/\/metalurgica2000.com.ar\/?s={search_term_string}"},"query-input":{"@type":"PropertyValueSpecification","valueRequired":true,"valueName":"search_term_string"}}],"inLanguage":"es-AR"},{"@type":"Organization","@id":"http:\/\/metalurgica2000.com.ar\/#organization","name":"Metal\u00fargica 2000","url":"http:\/\/metalurgica2000.com.ar\/","logo":{"@type":"ImageObject","inLanguage":"es-AR","@id":"http:\/\/metalurgica2000.com.ar\/#\/schema\/logo\/image\/","url":"https:\/\/metalurgica2000.com.ar\/wp-content\/uploads\/2018\/11\/cropped-logo-1.png","contentUrl":"https:\/\/metalurgica2000.com.ar\/wp-content\/uploads\/2018\/11\/cropped-logo-1.png","width":210,"height":107,"caption":"Metal\u00fargica 2000"},"image":{"@id":"http:\/\/metalurgica2000.com.ar\/#\/schema\/logo\/image\/"}}]}},"_links":{"self":[{"href":"https:\/\/metalurgica2000.com.ar\/index.php\/wp-json\/wp\/v2\/pages\/13","targetHints":{"allow":["GET"]}}],"collection":[{"href":"https:\/\/metalurgica2000.com.ar\/index.php\/wp-json\/wp\/v2\/pages"}],"about":[{"href":"https:\/\/metalurgica2000.com.ar\/index.php\/wp-json\/wp\/v2\/types\/page"}],"author":[{"embeddable":true,"href":"https:\/\/metalurgica2000.com.ar\/index.php\/wp-json\/wp\/v2\/users\/1"}],"replies":[{"embeddable":true,"href":"https:\/\/metalurgica2000.com.ar\/index.php\/wp-json\/wp\/v2\/comments?post=13"}],"version-history":[{"count":6,"href":"https:\/\/metalurgica2000.com.ar\/index.php\/wp-json\/wp\/v2\/pages\/13\/revisions"}],"predecessor-version":[{"id":221,"href":"https:\/\/metalurgica2000.com.ar\/index.php\/wp-json\/wp\/v2\/pages\/13\/revisions\/221"}],"wp:attachment":[{"href":"https:\/\/metalurgica2000.com.ar\/index.php\/wp-json\/wp\/v2\/media?parent=13"}],"curies":[{"name":"wp","href":"https:\/\/api.w.org\/{rel}","templated":true}]}}